{"id":92,"date":"2022-02-17T11:14:12","date_gmt":"2022-02-17T11:14:12","guid":{"rendered":"https:\/\/demo.artureanec.com\/themes\/industrium\/?page_id=92"},"modified":"2026-04-10T16:11:38","modified_gmt":"2026-04-10T14:11:38","slug":"contact","status":"publish","type":"page","link":"https:\/\/stuewe-ag.ch\/en\/kontakt\/","title":{"rendered":"Contact us"},"content":{"rendered":"\t\t<div data-elementor-type=\"wp-page\" data-elementor-id=\"92\" class=\"elementor elementor-92\">\n\t\t\t\t<div class=\"elementor-element elementor-element-f44b30b e-flex e-con-boxed e-con e-parent\" data-id=\"f44b30b\" data-element_type=\"container\" data-e-type=\"container\" data-settings=\"{&quot;background_background&quot;:&quot;classic&quot;}\">\n\t\t\t\t\t<div class=\"e-con-inner\">\n\t\t<div class=\"elementor-element elementor-element-454617f e-con-full e-flex e-con e-child\" data-id=\"454617f\" data-element_type=\"container\" data-e-type=\"container\">\n\t\t\t\t<div class=\"elementor-element elementor-element-fa71bba elementor-widget elementor-widget-industrium_heading\" data-id=\"fa71bba\" data-element_type=\"widget\" data-e-type=\"widget\" data-widget_type=\"industrium_heading.default\">\n\t\t\t\t<div class=\"elementor-widget-container\">\n\t\t\t\t\t<div class=\"industrium-heading-widget\"><h2 class=\"industrium-heading\"><span class=\"industrium-subheading\">Kontakt<\/span><span class=\"industrium-heading-content\">Kontaktieren Sie uns<br \/>- Wir sind f\u00fcr Sie da<\/span><\/h2><\/div>\t\t\t\t<\/div>\n\t\t\t\t<\/div>\n\t\t\t\t<div class=\"elementor-element elementor-element-5b522ac elementor-widget elementor-widget-text-editor\" data-id=\"5b522ac\" data-element_type=\"widget\" data-e-type=\"widget\" data-widget_type=\"text-editor.default\">\n\t\t\t\t<div class=\"elementor-widget-container\">\n\t\t\t\t\t\t\t\t\t<p><strong>Kontaktieren Sie uns<\/strong><\/p>\t\t\t\t\t\t\t\t<\/div>\n\t\t\t\t<\/div>\n\t\t\t\t<div class=\"elementor-element elementor-element-8c6b4e1 elementor-widget elementor-widget-text-editor\" data-id=\"8c6b4e1\" data-element_type=\"widget\" data-e-type=\"widget\" data-widget_type=\"text-editor.default\">\n\t\t\t\t<div class=\"elementor-widget-container\">\n\t\t\t\t\t\t\t\t\t<p>Wir bei der St\u00fcwe Switzerland AG legen gro\u00dfen Wert auf den direkten Kontakt mit unseren Kunden. Egal, ob Sie Fragen zu unseren Produkten haben, eine Beratung w\u00fcnschen oder ein individuelles Angebot ben\u00f6tigen \u2013 unser kompetentes Team steht Ihnen jederzeit zur Verf\u00fcgung. Durch den pers\u00f6nlichen Austausch k\u00f6nnen wir Ihre Anforderungen und W\u00fcnsche bestm\u00f6glich verstehen und Ihnen ma\u00dfgeschneiderte L\u00f6sungen anbieten.<\/p>\t\t\t\t\t\t\t\t<\/div>\n\t\t\t\t<\/div>\n\t\t\t\t<div class=\"elementor-element elementor-element-b2fcb7d elementor-widget elementor-widget-industrium_heading\" data-id=\"b2fcb7d\" data-element_type=\"widget\" data-e-type=\"widget\" data-widget_type=\"industrium_heading.default\">\n\t\t\t\t<div class=\"elementor-widget-container\">\n\t\t\t\t\t<div class=\"industrium-heading-widget\"><h5 class=\"industrium-heading\"><span class=\"industrium-heading-content\">Unser Standort<\/span><\/h5><\/div>\t\t\t\t<\/div>\n\t\t\t\t<\/div>\n\t\t\t\t<div class=\"elementor-element elementor-element-f82bebb elementor-widget elementor-widget-text-editor\" data-id=\"f82bebb\" data-element_type=\"widget\" data-e-type=\"widget\" data-widget_type=\"text-editor.default\">\n\t\t\t\t<div class=\"elementor-widget-container\">\n\t\t\t\t\t\t\t\t\t<p>Unsere Produktionsst\u00e4tte und B\u00fcros befinden sich in Gams im Kanton St.\u00a0Gallen. Besuchen Sie uns gerne pers\u00f6nlich und lassen Sie sich vor Ort von der Qualit\u00e4t unserer Produkte und Dienstleistungen \u00fcberzeugen.<\/p>\t\t\t\t\t\t\t\t<\/div>\n\t\t\t\t<\/div>\n\t\t\t\t<div class=\"elementor-element elementor-element-fdc2ae8 elementor-widget elementor-widget-button\" data-id=\"fdc2ae8\" data-element_type=\"widget\" data-e-type=\"widget\" data-widget_type=\"button.default\">\n\t\t\t\t<div class=\"elementor-widget-container\">\n\t\t\t\t\t\t\t\t\t<div class=\"elementor-button-wrapper\">\n\t\t\t\t\t<a class=\"elementor-button elementor-button-link elementor-size-sm\" href=\"https:\/\/stuewe-ag.ch\/wp-content\/uploads\/2026\/01\/Stuewe-Stammdaten_de_en.pdf\" target=\"_blank\">\n\t\t\t\t\t\t<span class=\"elementor-button-content-wrapper\">\n\t\t\t\t\t\t\t\t\t<span class=\"elementor-button-text\">Stammdatenblatt<\/span>\n\t\t\t\t\t<\/span>\n\t\t\t\t\t<\/a>\n\t\t\t\t<\/div>\n\t\t\t\t\t\t\t\t<\/div>\n\t\t\t\t<\/div>\n\t\t<div class=\"elementor-element elementor-element-d81863a e-con-full e-flex e-con e-child\" data-id=\"d81863a\" data-element_type=\"container\" data-e-type=\"container\">\n\t\t<div class=\"elementor-element elementor-element-c6893c1 e-con-full e-flex e-con e-child\" data-id=\"c6893c1\" data-element_type=\"container\" data-e-type=\"container\">\n\t\t\t\t<div class=\"elementor-element elementor-element-3f8dcc9 elementor-widget elementor-widget-industrium_heading\" data-id=\"3f8dcc9\" data-element_type=\"widget\" data-e-type=\"widget\" data-widget_type=\"industrium_heading.default\">\n\t\t\t\t<div class=\"elementor-widget-container\">\n\t\t\t\t\t<div class=\"industrium-heading-widget\"><h5 class=\"industrium-heading\"><span class=\"industrium-heading-content\">Standort Schweiz<\/span><\/h5><\/div>\t\t\t\t<\/div>\n\t\t\t\t<\/div>\n\t\t\t\t<div class=\"elementor-element elementor-element-833bb29 elementor-widget elementor-widget-text-editor\" data-id=\"833bb29\" data-element_type=\"widget\" data-e-type=\"widget\" data-widget_type=\"text-editor.default\">\n\t\t\t\t<div class=\"elementor-widget-container\">\n\t\t\t\t\t\t\t\t\t<p>St\u00fcwe Switzerland AG<span class=\"Apple-converted-space\"><br \/><\/span>Industriestra\u00dfe 4<span class=\"Apple-converted-space\"><br \/><\/span>CH-9473 Gams\u00a0<\/p>\t\t\t\t\t\t\t\t<\/div>\n\t\t\t\t<\/div>\n\t\t\t\t<div class=\"elementor-element elementor-element-e6d292a elementor-widget elementor-widget-industrium_heading\" data-id=\"e6d292a\" data-element_type=\"widget\" data-e-type=\"widget\" data-widget_type=\"industrium_heading.default\">\n\t\t\t\t<div class=\"elementor-widget-container\">\n\t\t\t\t\t<div class=\"industrium-heading-widget\"><h5 class=\"industrium-heading\"><span class=\"industrium-heading-content\">\u00d6ffnungszeiten:<span>\u00a0<\/span><\/span><\/h5><\/div>\t\t\t\t<\/div>\n\t\t\t\t<\/div>\n\t\t\t\t<div class=\"elementor-element elementor-element-6a8a15f elementor-widget elementor-widget-text-editor\" data-id=\"6a8a15f\" data-element_type=\"widget\" data-e-type=\"widget\" data-widget_type=\"text-editor.default\">\n\t\t\t\t<div class=\"elementor-widget-container\">\n\t\t\t\t\t\t\t\t\t<p><strong>Montag bis Freitag:<\/strong> 08:00 \u2013 17:00 Uhr<br \/><strong>Samstag und Sonntag:<\/strong> Geschlossen<\/p>\t\t\t\t\t\t\t\t<\/div>\n\t\t\t\t<\/div>\n\t\t\t\t<\/div>\n\t\t<div class=\"elementor-element elementor-element-d933d8e e-con-full e-flex e-con e-child\" data-id=\"d933d8e\" data-element_type=\"container\" data-e-type=\"container\">\n\t\t\t\t<div class=\"elementor-element elementor-element-3c8b82a elementor-widget elementor-widget-industrium_heading\" data-id=\"3c8b82a\" data-element_type=\"widget\" data-e-type=\"widget\" data-widget_type=\"industrium_heading.default\">\n\t\t\t\t<div class=\"elementor-widget-container\">\n\t\t\t\t\t<div class=\"industrium-heading-widget\"><h5 class=\"industrium-heading\"><span class=\"industrium-heading-content\">Telefon<\/span><\/h5><\/div>\t\t\t\t<\/div>\n\t\t\t\t<\/div>\n\t\t\t\t<div class=\"elementor-element elementor-element-41e94a5 elementor-widget elementor-widget-text-editor\" data-id=\"41e94a5\" data-element_type=\"widget\" data-e-type=\"widget\" data-widget_type=\"text-editor.default\">\n\t\t\t\t<div class=\"elementor-widget-container\">\n\t\t\t\t\t\t\t\t\t<p><a href=\"tel:+41817722562\">+41 81 772 25 62<\/a><\/p>\t\t\t\t\t\t\t\t<\/div>\n\t\t\t\t<\/div>\n\t\t\t\t<div class=\"elementor-element elementor-element-61a9054 elementor-widget-divider--view-line elementor-widget elementor-widget-divider\" data-id=\"61a9054\" data-element_type=\"widget\" data-e-type=\"widget\" data-widget_type=\"divider.default\">\n\t\t\t\t<div class=\"elementor-widget-container\">\n\t\t\t\t\t\t\t<div class=\"elementor-divider\">\n\t\t\t<span class=\"elementor-divider-separator\">\n\t\t\t\t\t\t<\/span>\n\t\t<\/div>\n\t\t\t\t\t\t<\/div>\n\t\t\t\t<\/div>\n\t\t\t\t<div class=\"elementor-element elementor-element-9351451 elementor-widget elementor-widget-industrium_heading\" data-id=\"9351451\" data-element_type=\"widget\" data-e-type=\"widget\" data-widget_type=\"industrium_heading.default\">\n\t\t\t\t<div class=\"elementor-widget-container\">\n\t\t\t\t\t<div class=\"industrium-heading-widget\"><h5 class=\"industrium-heading\"><span class=\"industrium-heading-content\">Email<\/span><\/h5><\/div>\t\t\t\t<\/div>\n\t\t\t\t<\/div>\n\t\t\t\t<div class=\"elementor-element elementor-element-a5df4d2 elementor-widget elementor-widget-text-editor\" data-id=\"a5df4d2\" data-element_type=\"widget\" data-e-type=\"widget\" data-widget_type=\"text-editor.default\">\n\t\t\t\t<div class=\"elementor-widget-container\">\n\t\t\t\t\t\t\t\t\t<p>Sie m\u00f6chten mit uns arbeiten?<br \/>E-Mail: <a href=\"mailto:info@stuewe-ag.ch\">info@stuewe-ag.ch<\/a><\/p>\t\t\t\t\t\t\t\t<\/div>\n\t\t\t\t<\/div>\n\t\t\t\t<\/div>\n\t\t\t\t<\/div>\n\t\t\t\t<\/div>\n\t\t<div class=\"elementor-element elementor-element-1346cff e-con-full e-flex e-con e-child\" data-id=\"1346cff\" data-element_type=\"container\" data-e-type=\"container\" data-settings=\"{&quot;background_background&quot;:&quot;classic&quot;}\">\n\t\t\t\t<div class=\"elementor-element elementor-element-595ef1d elementor-widget elementor-widget-industrium_wpforms\" data-id=\"595ef1d\" data-element_type=\"widget\" data-e-type=\"widget\" data-widget_type=\"industrium_wpforms.default\">\n\t\t\t\t<div class=\"elementor-widget-container\">\n\t\t\t\t\t        <div class=\"industrium-wpforms-widget\">\n            <h2 class=\"wpforms-widget-heading industrium-heading\"><span class=\"industrium-heading-content\">Kontakt<\/span><\/h2><style id=\"wpforms-css-vars-16021\">\n\t\t\t\t#wpforms-16021 {\n\t\t\t\t\n\t\t\t}\n\t\t\t<\/style><div class=\"wpforms-container wpforms-container-full wpforms-render-modern\" id=\"wpforms-16021\"><form id=\"wpforms-form-16021\" class=\"wpforms-validate wpforms-form wpforms-ajax-form\" data-formid=\"16021\" method=\"post\" enctype=\"multipart\/form-data\" action=\"\/en\/wp-json\/wp\/v2\/pages\/92\" data-token=\"781a6c8793d9e02078fbbb971036804a\" data-token-time=\"1776394749\"><div class=\"wpforms-head-container\"><\/div><noscript class=\"wpforms-error-noscript\">Please enable JavaScript in your browser to complete this form.<\/noscript><div id=\"wpforms-error-noscript\" style=\"display: none;\">Please enable JavaScript in your browser to complete this form.<\/div><div class=\"wpforms-field-container\"><div id=\"wpforms-16021-field_1-container\" class=\"wpforms-field wpforms-field-text\" data-field-id=\"1\"><label class=\"wpforms-field-label wpforms-label-hide\" for=\"wpforms-16021-field_1\" aria-hidden=\"false\">Name <span class=\"wpforms-required-label\" aria-hidden=\"true\">*<\/span><\/label><input type=\"text\" id=\"wpforms-16021-field_1\" class=\"wpforms-field-large wpforms-field-required\" name=\"wpforms[fields][1]\" placeholder=\"Vor &amp; Nachname\" aria-errormessage=\"wpforms-16021-field_1-error\" required><\/div><div id=\"wpforms-16021-field_3-container\" class=\"wpforms-field wpforms-field-email\" data-field-id=\"3\"><label class=\"wpforms-field-label wpforms-label-hide\" for=\"wpforms-16021-field_3\" aria-hidden=\"false\">Email <span class=\"wpforms-required-label\" aria-hidden=\"true\">*<\/span><\/label><input type=\"email\" id=\"wpforms-16021-field_3\" class=\"wpforms-field-large wpforms-field-required\" name=\"wpforms[fields][3]\" placeholder=\"Email\" spellcheck=\"false\" aria-errormessage=\"wpforms-16021-field_3-error\" required><\/div><div id=\"wpforms-16021-field_4-container\" class=\"wpforms-field wpforms-field-text\" data-field-id=\"4\"><label class=\"wpforms-field-label wpforms-label-hide\" for=\"wpforms-16021-field_4\" aria-hidden=\"false\">Betreff<\/label><input type=\"text\" id=\"wpforms-16021-field_4\" class=\"wpforms-field-large\" name=\"wpforms[fields][4]\" placeholder=\"Betreff\" aria-errormessage=\"wpforms-16021-field_4-error\" ><\/div><div id=\"wpforms-16021-field_5-container\" class=\"wpforms-field wpforms-field-textarea\" data-field-id=\"5\"><label class=\"wpforms-field-label wpforms-label-hide\" for=\"wpforms-16021-field_5\" aria-hidden=\"false\">Nachricht<\/label><textarea id=\"wpforms-16021-field_5\" class=\"wpforms-field-medium\" name=\"wpforms[fields][5]\" placeholder=\"Nachricht\" aria-errormessage=\"wpforms-16021-field_5-error\" ><\/textarea><\/div><div id=\"wpforms-16021-field_6-container\" class=\"wpforms-field wpforms-field-checkbox\" data-field-id=\"6\"><fieldset><legend class=\"wpforms-field-label\">Einverst\u00e4ndniserkl\u00e4rung <span class=\"wpforms-required-label\" aria-hidden=\"true\">*<\/span><\/legend><ul id=\"wpforms-16021-field_6\" class=\"wpforms-field-required\"><li class=\"choice-1 depth-1\"><input type=\"checkbox\" id=\"wpforms-16021-field_6_1\" name=\"wpforms[fields][6][]\" value=\"* Ich stimme zu, dass meine Angaben und Daten zur Beantwortung meiner Anfrage gem\u00e4\u00df der Datenschutzerkl\u00e4rung verarbeitet werden. Meine Einwilligung kann ich jederzeit zuk\u00fcnftig per E-Mail an widerruf@stuewe.de widerrufen.\" aria-errormessage=\"wpforms-16021-field_6_1-error\" required ><label class=\"wpforms-field-label-inline\" for=\"wpforms-16021-field_6_1\">* Ich stimme zu, dass meine Angaben und Daten zur Beantwortung meiner Anfrage gem\u00e4\u00df der Datenschutzerkl\u00e4rung verarbeitet werden. Meine Einwilligung kann ich jederzeit zuk\u00fcnftig per E-Mail an widerruf@stuewe.de widerrufen.<\/label><\/li><\/ul><\/fieldset><\/div><\/div><!-- .wpforms-field-container --><div class=\"wpforms-submit-container\" ><input type=\"hidden\" name=\"wpforms[id]\" value=\"16021\"><input type=\"hidden\" name=\"page_title\" value=\"\"><input type=\"hidden\" name=\"page_url\" value=\"https:\/\/stuewe-ag.ch\/en\/wp-json\/wp\/v2\/pages\/92\"><input type=\"hidden\" name=\"url_referer\" value=\"\"><button type=\"submit\" name=\"wpforms[submit]\" id=\"wpforms-submit-16021\" class=\"wpforms-submit\" data-alt-text=\"Sending...\" data-submit-text=\"Absenden\" aria-live=\"assertive\" value=\"wpforms-submit\">Absenden<\/button><img decoding=\"async\" src=\"https:\/\/stuewe-ag.ch\/wp-content\/plugins\/wpforms-lite\/assets\/images\/submit-spin.svg\" class=\"wpforms-submit-spinner\" style=\"display: none;\" width=\"26\" height=\"26\" alt=\"Loading\"><\/div><\/form><\/div>  <!-- .wpforms-container -->        <\/div>\n        \t\t\t\t<\/div>\n\t\t\t\t<\/div>\n\t\t\t\t<div class=\"elementor-element elementor-element-f05eaf4 decoration-type-2 elementor-widget__width-auto elementor-absolute elementor-hidden-tablet elementor-hidden-mobile_extra elementor-hidden-mobile animated-fast elementor-invisible elementor-widget elementor-widget-industrium_decoration\" data-id=\"f05eaf4\" data-element_type=\"widget\" data-e-type=\"widget\" data-settings=\"{&quot;_position&quot;:&quot;absolute&quot;,&quot;_animation&quot;:&quot;industrium_decoration&quot;,&quot;_animation_tablet_extra&quot;:&quot;none&quot;,&quot;_animation_delay&quot;:300}\" data-widget_type=\"industrium_decoration.default\">\n\t\t\t\t<div class=\"elementor-widget-container\">\n\t\t\t\t\t        <div class=\"decoration-widget\">\n            <div class=\"decoration-container\">\n                <div class=\"industrium-decoration\">\n                    <div><\/div><div><\/div><div><\/div>\n                <\/div>\n            <\/div>\n        <\/div>\n        \t\t\t\t<\/div>\n\t\t\t\t<\/div>\n\t\t\t\t<\/div>\n\t\t\t\t\t<\/div>\n\t\t\t\t<\/div>\n\t\t\t\t<\/div>\n\t\t","protected":false},"excerpt":{"rendered":"<p>Kontaktieren Sie uns Wir bei der St\u00fcwe Switzerland AG legen gro\u00dfen Wert auf den direkten Kontakt mit unseren Kunden. Egal, ob Sie Fragen zu unseren Produkten haben, eine Beratung w\u00fcnschen oder ein individuelles Angebot ben\u00f6tigen \u2013 unser kompetentes Team steht Ihnen&#8230;<\/p>","protected":false},"author":8,"featured_media":0,"parent":0,"menu_order":0,"comment_status":"closed","ping_status":"closed","template":"elementor_header_footer","meta":{"footnotes":""},"class_list":["post-92","page","type-page","status-publish","hentry"],"yoast_head":"<!-- This site is optimized with the Yoast SEO plugin v27.3 - https:\/\/yoast.com\/product\/yoast-seo-wordpress\/ -->\n<title>Kontakt | St\u00fcwe Schweiz \u2013 Beratung &amp; Anfrage<\/title>\n<meta name=\"description\" content=\"Kontaktieren Sie St\u00fcwe Schweiz f\u00fcr Beratung zu Industriebremsen, Kupplungen und individuellen L\u00f6sungen f\u00fcr Ihre Anwendung.\" \/>\n<meta name=\"robots\" content=\"index, follow, max-snippet:-1, max-image-preview:large, max-video-preview:-1\" \/>\n<link rel=\"canonical\" href=\"https:\/\/stuewe-ag.ch\/en\/contact\/\" \/>\n<meta property=\"og:locale\" content=\"en_GB\" \/>\n<meta property=\"og:type\" content=\"article\" \/>\n<meta property=\"og:title\" content=\"Kontakt | St\u00fcwe Schweiz \u2013 Beratung &amp; Anfrage\" \/>\n<meta property=\"og:description\" content=\"Kontaktieren Sie St\u00fcwe Schweiz f\u00fcr Beratung zu Industriebremsen, Kupplungen und individuellen L\u00f6sungen f\u00fcr Ihre Anwendung.\" \/>\n<meta property=\"og:url\" content=\"https:\/\/stuewe-ag.ch\/en\/contact\/\" \/>\n<meta property=\"og:site_name\" content=\"St\u00fcwe - Schweiz\" \/>\n<meta property=\"article:modified_time\" content=\"2026-04-10T14:11:38+00:00\" \/>\n<meta name=\"twitter:card\" content=\"summary_large_image\" \/>\n<meta name=\"twitter:label1\" content=\"Estimated reading time\" \/>\n\t<meta name=\"twitter:data1\" content=\"2 minutes\" \/>\n<script type=\"application\/ld+json\" class=\"yoast-schema-graph\">{\"@context\":\"https:\\\/\\\/schema.org\",\"@graph\":[{\"@type\":\"WebPage\",\"@id\":\"https:\\\/\\\/stuewe-ag.ch\\\/kontakt\\\/\",\"url\":\"https:\\\/\\\/stuewe-ag.ch\\\/kontakt\\\/\",\"name\":\"Kontakt | St\u00fcwe Schweiz \u2013 Beratung & Anfrage\",\"isPartOf\":{\"@id\":\"https:\\\/\\\/stuewe-ag.ch\\\/#website\"},\"datePublished\":\"2022-02-17T11:14:12+00:00\",\"dateModified\":\"2026-04-10T14:11:38+00:00\",\"description\":\"Kontaktieren Sie St\u00fcwe Schweiz f\u00fcr Beratung zu Industriebremsen, Kupplungen und individuellen L\u00f6sungen f\u00fcr Ihre Anwendung.\",\"breadcrumb\":{\"@id\":\"https:\\\/\\\/stuewe-ag.ch\\\/kontakt\\\/#breadcrumb\"},\"inLanguage\":\"en-GB\",\"potentialAction\":[{\"@type\":\"ReadAction\",\"target\":[\"https:\\\/\\\/stuewe-ag.ch\\\/kontakt\\\/\"]}]},{\"@type\":\"BreadcrumbList\",\"@id\":\"https:\\\/\\\/stuewe-ag.ch\\\/kontakt\\\/#breadcrumb\",\"itemListElement\":[{\"@type\":\"ListItem\",\"position\":1,\"name\":\"Start\",\"item\":\"https:\\\/\\\/stuewe-ag.ch\\\/\"},{\"@type\":\"ListItem\",\"position\":2,\"name\":\"Kontakt\"}]},{\"@type\":\"WebSite\",\"@id\":\"https:\\\/\\\/stuewe-ag.ch\\\/#website\",\"url\":\"https:\\\/\\\/stuewe-ag.ch\\\/\",\"name\":\"St\u00fcwe - Schweiz\",\"description\":\"Maschinenbauteilen f\u00fcr Antriebstechnik\",\"publisher\":{\"@id\":\"https:\\\/\\\/stuewe-ag.ch\\\/#organization\"},\"potentialAction\":[{\"@type\":\"SearchAction\",\"target\":{\"@type\":\"EntryPoint\",\"urlTemplate\":\"https:\\\/\\\/stuewe-ag.ch\\\/?s={search_term_string}\"},\"query-input\":{\"@type\":\"PropertyValueSpecification\",\"valueRequired\":true,\"valueName\":\"search_term_string\"}}],\"inLanguage\":\"en-GB\"},{\"@type\":\"Organization\",\"@id\":\"https:\\\/\\\/stuewe-ag.ch\\\/#organization\",\"name\":\"St\u00fcwe - Schweiz\",\"url\":\"https:\\\/\\\/stuewe-ag.ch\\\/\",\"logo\":{\"@type\":\"ImageObject\",\"inLanguage\":\"en-GB\",\"@id\":\"https:\\\/\\\/stuewe-ag.ch\\\/#\\\/schema\\\/logo\\\/image\\\/\",\"url\":\"https:\\\/\\\/stuewe-ag.ch\\\/wp-content\\\/uploads\\\/2026\\\/01\\\/Stuewe-Logo-weiss-2.png\",\"contentUrl\":\"https:\\\/\\\/stuewe-ag.ch\\\/wp-content\\\/uploads\\\/2026\\\/01\\\/Stuewe-Logo-weiss-2.png\",\"width\":450,\"height\":134,\"caption\":\"St\u00fcwe - Schweiz\"},\"image\":{\"@id\":\"https:\\\/\\\/stuewe-ag.ch\\\/#\\\/schema\\\/logo\\\/image\\\/\"},\"sameAs\":[\"https:\\\/\\\/de.linkedin.com\\\/company\\\/stwe-gmbh-co-kg\"]}]}<\/script>\n<!-- \/ Yoast SEO plugin. -->","yoast_head_json":{"title":"Contact | St\u00fcwe Switzerland - Advice &amp; enquiry","description":"Contact St\u00fcwe Switzerland for advice on industrial brakes, clutches and customised solutions for your application.","robots":{"index":"index","follow":"follow","max-snippet":"max-snippet:-1","max-image-preview":"max-image-preview:large","max-video-preview":"max-video-preview:-1"},"canonical":"https:\/\/stuewe-ag.ch\/en\/contact\/","og_locale":"en_GB","og_type":"article","og_title":"Kontakt | St\u00fcwe Schweiz \u2013 Beratung & Anfrage","og_description":"Kontaktieren Sie St\u00fcwe Schweiz f\u00fcr Beratung zu Industriebremsen, Kupplungen und individuellen L\u00f6sungen f\u00fcr Ihre Anwendung.","og_url":"https:\/\/stuewe-ag.ch\/en\/contact\/","og_site_name":"St\u00fcwe - Schweiz","article_modified_time":"2026-04-10T14:11:38+00:00","twitter_card":"summary_large_image","twitter_misc":{"Estimated reading time":"2 minutes"},"schema":{"@context":"https:\/\/schema.org","@graph":[{"@type":"WebPage","@id":"https:\/\/stuewe-ag.ch\/kontakt\/","url":"https:\/\/stuewe-ag.ch\/kontakt\/","name":"Contact | St\u00fcwe Switzerland - Advice &amp; enquiry","isPartOf":{"@id":"https:\/\/stuewe-ag.ch\/#website"},"datePublished":"2022-02-17T11:14:12+00:00","dateModified":"2026-04-10T14:11:38+00:00","description":"Contact St\u00fcwe Switzerland for advice on industrial brakes, clutches and customised solutions for your application.","breadcrumb":{"@id":"https:\/\/stuewe-ag.ch\/kontakt\/#breadcrumb"},"inLanguage":"en-GB","potentialAction":[{"@type":"ReadAction","target":["https:\/\/stuewe-ag.ch\/kontakt\/"]}]},{"@type":"BreadcrumbList","@id":"https:\/\/stuewe-ag.ch\/kontakt\/#breadcrumb","itemListElement":[{"@type":"ListItem","position":1,"name":"Start","item":"https:\/\/stuewe-ag.ch\/"},{"@type":"ListItem","position":2,"name":"Kontakt"}]},{"@type":"WebSite","@id":"https:\/\/stuewe-ag.ch\/#website","url":"https:\/\/stuewe-ag.ch\/","name":"St\u00fcwe - Switzerland","description":"Machine components for drive technology","publisher":{"@id":"https:\/\/stuewe-ag.ch\/#organization"},"potentialAction":[{"@type":"SearchAction","target":{"@type":"EntryPoint","urlTemplate":"https:\/\/stuewe-ag.ch\/?s={search_term_string}"},"query-input":{"@type":"PropertyValueSpecification","valueRequired":true,"valueName":"search_term_string"}}],"inLanguage":"en-GB"},{"@type":"Organization","@id":"https:\/\/stuewe-ag.ch\/#organization","name":"St\u00fcwe - Switzerland","url":"https:\/\/stuewe-ag.ch\/","logo":{"@type":"ImageObject","inLanguage":"en-GB","@id":"https:\/\/stuewe-ag.ch\/#\/schema\/logo\/image\/","url":"https:\/\/stuewe-ag.ch\/wp-content\/uploads\/2026\/01\/Stuewe-Logo-weiss-2.png","contentUrl":"https:\/\/stuewe-ag.ch\/wp-content\/uploads\/2026\/01\/Stuewe-Logo-weiss-2.png","width":450,"height":134,"caption":"St\u00fcwe - Schweiz"},"image":{"@id":"https:\/\/stuewe-ag.ch\/#\/schema\/logo\/image\/"},"sameAs":["https:\/\/de.linkedin.com\/company\/stwe-gmbh-co-kg"]}]}},"_links":{"self":[{"href":"https:\/\/stuewe-ag.ch\/en\/wp-json\/wp\/v2\/pages\/92","targetHints":{"allow":["GET"]}}],"collection":[{"href":"https:\/\/stuewe-ag.ch\/en\/wp-json\/wp\/v2\/pages"}],"about":[{"href":"https:\/\/stuewe-ag.ch\/en\/wp-json\/wp\/v2\/types\/page"}],"author":[{"embeddable":true,"href":"https:\/\/stuewe-ag.ch\/en\/wp-json\/wp\/v2\/users\/8"}],"replies":[{"embeddable":true,"href":"https:\/\/stuewe-ag.ch\/en\/wp-json\/wp\/v2\/comments?post=92"}],"version-history":[{"count":148,"href":"https:\/\/stuewe-ag.ch\/en\/wp-json\/wp\/v2\/pages\/92\/revisions"}],"predecessor-version":[{"id":22557,"href":"https:\/\/stuewe-ag.ch\/en\/wp-json\/wp\/v2\/pages\/92\/revisions\/22557"}],"wp:attachment":[{"href":"https:\/\/stuewe-ag.ch\/en\/wp-json\/wp\/v2\/media?parent=92"}],"curies":[{"name":"wp","href":"https:\/\/api.w.org\/{rel}","templated":true}]}}