{"id":19311,"date":"2025-07-02T12:09:06","date_gmt":"2025-07-02T10:09:06","guid":{"rendered":"https:\/\/stuewe.de\/?page_id=19311"},"modified":"2026-02-26T16:34:04","modified_gmt":"2026-02-26T15:34:04","slug":"accessibility-declaration","status":"publish","type":"page","link":"https:\/\/stuewe-ag.ch\/en\/barrierefreiheitserklaerung\/","title":{"rendered":"Declaration of accessibility"},"content":{"rendered":"<h1 class=\"wp-block-heading\">Declaration on accessibility for services<\/h1>\n\n\n\n<p>As part of our accessibility statement, we would like to give you an overview of the status of the compatibility of the service(s) described below with the accessibility requirements according to legal regulations (in particular with the Accessibility Reinforcement Act - BFSG).<\/p>\n\n\n\n<h2 class=\"wp-block-heading\">Details of the service provider<\/h2>\n\n\n\n<p>St\u00fcwe GmbH &amp; Co. KG<br>Zum Ludwigstal 35<br>45527 Hattingen (Ruhr)<br>North Rhine-Westphalia<\/p>\n\n\n\n<h2 class=\"wp-block-heading\">General description of the service<\/h2>\n\n\n\n<p>Sale of brakes, friction connections, rotor locks, shaft nuts to B2B customers worldwide.<\/p>\n\n\n\n<h2 class=\"wp-block-heading\">Explanations on the implementation of the service<\/h2>\n\n\n\n<p>The website only provides information about the products and the company. It is not an online shop. Orders must be placed by telephone or e-mail.<\/p>\n\n\n\n<h2 class=\"wp-block-heading\">Status of compatibility with the requirements<\/h2>\n\n\n\n<p>The above-mentioned service is fully compliant with the Accessibility Reinforcement Act (BFSG).<\/p>\n\n\n\n<h2 class=\"wp-block-heading\">Preparation of the accessibility statement<\/h2>\n\n\n\n<p>Date of preparation of the accessibility statement: 02\/07\/2025<br>Date of the last review of the above-mentioned services with regard to accessibility requirements: 02\/07\/2025<\/p>\n\n\n\n<h2 class=\"wp-block-heading\">Assessment of the status of accessibility<\/h2>\n\n\n\n<p>The assessment of the level of accessibility is based on our self-assessment.<\/p>\n\n\n\n<h2 class=\"wp-block-heading\">Feedback option and contact details<\/h2>\n\n\n\n<p>Address:<br>High street 5<br>45894 Gelsenkirchen<\/p>\n\n\n\n<p>E-mail: info@thatsit.marketing<\/p>\n\n\n\n<p>Phone: 0209 36660644<\/p>\n\n\n\n<p>Link to the website: <a href=\"https:\/\/stuewe-ag.ch\/en\/contact\/\">https:\/\/stuewe-ag.ch\/kontakt\/<\/a><\/p>","protected":false},"excerpt":{"rendered":"<p>Erkl\u00e4rung zur Barrierefreiheit f\u00fcr Dienstleistungen Im Rahmen unserer Barrierefreiheitserkl\u00e4rung m\u00f6chten wir Ihnen einen \u00dcberblick \u00fcber den Stand der Vereinbarkeit der unten beschriebenen Dienstleistung(en) mit den Anforderungen der Barrierefreiheit nach gesetzlichen Vorschriften (insbesondere mit dem Barrierefreiheitsst\u00e4rkungsgesetz \u2013 BFSG) geben. Angaben zum Dienstleistungserbringer&#8230;<\/p>","protected":false},"author":8,"featured_media":0,"parent":0,"menu_order":0,"comment_status":"closed","ping_status":"closed","template":"","meta":{"footnotes":""},"class_list":["post-19311","page","type-page","status-publish","hentry"],"yoast_head":"<!-- This site is optimized with the Yoast SEO plugin v27.3 - https:\/\/yoast.com\/product\/yoast-seo-wordpress\/ -->\n<title>Barrierefreiheitserkl\u00e4rung | St\u00fcwe Schweiz<\/title>\n<meta name=\"description\" content=\"Informationen zur Barrierefreiheit der Website von St\u00fcwe Schweiz gem\u00e4\u00df geltenden gesetzlichen Anforderungen.\" \/>\n<meta name=\"robots\" content=\"index, follow, max-snippet:-1, max-image-preview:large, max-video-preview:-1\" \/>\n<link rel=\"canonical\" href=\"https:\/\/stuewe-ag.ch\/en\/accessibility-declaration\/\" \/>\n<meta property=\"og:locale\" content=\"en_GB\" \/>\n<meta property=\"og:type\" content=\"article\" \/>\n<meta property=\"og:title\" content=\"Barrierefreiheitserkl\u00e4rung | St\u00fcwe Schweiz\" \/>\n<meta property=\"og:description\" content=\"Informationen zur Barrierefreiheit der Website von St\u00fcwe Schweiz gem\u00e4\u00df geltenden gesetzlichen Anforderungen.\" \/>\n<meta property=\"og:url\" content=\"https:\/\/stuewe-ag.ch\/en\/accessibility-declaration\/\" \/>\n<meta property=\"og:site_name\" content=\"St\u00fcwe - Schweiz\" \/>\n<meta property=\"article:modified_time\" content=\"2026-02-26T15:34:04+00:00\" \/>\n<meta name=\"twitter:card\" content=\"summary_large_image\" \/>\n<meta name=\"twitter:label1\" content=\"Estimated reading time\" \/>\n\t<meta name=\"twitter:data1\" content=\"1 minute\" \/>\n<script type=\"application\/ld+json\" class=\"yoast-schema-graph\">{\"@context\":\"https:\\\/\\\/schema.org\",\"@graph\":[{\"@type\":\"WebPage\",\"@id\":\"https:\\\/\\\/stuewe-ag.ch\\\/barrierefreiheitserklaerung\\\/\",\"url\":\"https:\\\/\\\/stuewe-ag.ch\\\/barrierefreiheitserklaerung\\\/\",\"name\":\"Barrierefreiheitserkl\u00e4rung | St\u00fcwe Schweiz\",\"isPartOf\":{\"@id\":\"https:\\\/\\\/stuewe-ag.ch\\\/#website\"},\"datePublished\":\"2025-07-02T10:09:06+00:00\",\"dateModified\":\"2026-02-26T15:34:04+00:00\",\"description\":\"Informationen zur Barrierefreiheit der Website von St\u00fcwe Schweiz gem\u00e4\u00df geltenden gesetzlichen Anforderungen.\",\"breadcrumb\":{\"@id\":\"https:\\\/\\\/stuewe-ag.ch\\\/barrierefreiheitserklaerung\\\/#breadcrumb\"},\"inLanguage\":\"en-GB\",\"potentialAction\":[{\"@type\":\"ReadAction\",\"target\":[\"https:\\\/\\\/stuewe-ag.ch\\\/barrierefreiheitserklaerung\\\/\"]}]},{\"@type\":\"BreadcrumbList\",\"@id\":\"https:\\\/\\\/stuewe-ag.ch\\\/barrierefreiheitserklaerung\\\/#breadcrumb\",\"itemListElement\":[{\"@type\":\"ListItem\",\"position\":1,\"name\":\"Start\",\"item\":\"https:\\\/\\\/stuewe-ag.ch\\\/\"},{\"@type\":\"ListItem\",\"position\":2,\"name\":\"Barrierefreiheitserkl\u00e4rung\"}]},{\"@type\":\"WebSite\",\"@id\":\"https:\\\/\\\/stuewe-ag.ch\\\/#website\",\"url\":\"https:\\\/\\\/stuewe-ag.ch\\\/\",\"name\":\"St\u00fcwe - Schweiz\",\"description\":\"Maschinenbauteilen f\u00fcr Antriebstechnik\",\"publisher\":{\"@id\":\"https:\\\/\\\/stuewe-ag.ch\\\/#organization\"},\"potentialAction\":[{\"@type\":\"SearchAction\",\"target\":{\"@type\":\"EntryPoint\",\"urlTemplate\":\"https:\\\/\\\/stuewe-ag.ch\\\/?s={search_term_string}\"},\"query-input\":{\"@type\":\"PropertyValueSpecification\",\"valueRequired\":true,\"valueName\":\"search_term_string\"}}],\"inLanguage\":\"en-GB\"},{\"@type\":\"Organization\",\"@id\":\"https:\\\/\\\/stuewe-ag.ch\\\/#organization\",\"name\":\"St\u00fcwe - Schweiz\",\"url\":\"https:\\\/\\\/stuewe-ag.ch\\\/\",\"logo\":{\"@type\":\"ImageObject\",\"inLanguage\":\"en-GB\",\"@id\":\"https:\\\/\\\/stuewe-ag.ch\\\/#\\\/schema\\\/logo\\\/image\\\/\",\"url\":\"https:\\\/\\\/stuewe-ag.ch\\\/wp-content\\\/uploads\\\/2026\\\/01\\\/Stuewe-Logo-weiss-2.png\",\"contentUrl\":\"https:\\\/\\\/stuewe-ag.ch\\\/wp-content\\\/uploads\\\/2026\\\/01\\\/Stuewe-Logo-weiss-2.png\",\"width\":450,\"height\":134,\"caption\":\"St\u00fcwe - Schweiz\"},\"image\":{\"@id\":\"https:\\\/\\\/stuewe-ag.ch\\\/#\\\/schema\\\/logo\\\/image\\\/\"},\"sameAs\":[\"https:\\\/\\\/de.linkedin.com\\\/company\\\/stwe-gmbh-co-kg\"]}]}<\/script>\n<!-- \/ Yoast SEO plugin. -->","yoast_head_json":{"title":"Declaration of accessibility | St\u00fcwe Switzerland","description":"Information on the accessibility of the St\u00fcwe Switzerland website in accordance with applicable legal requirements.","robots":{"index":"index","follow":"follow","max-snippet":"max-snippet:-1","max-image-preview":"max-image-preview:large","max-video-preview":"max-video-preview:-1"},"canonical":"https:\/\/stuewe-ag.ch\/en\/accessibility-declaration\/","og_locale":"en_GB","og_type":"article","og_title":"Barrierefreiheitserkl\u00e4rung | St\u00fcwe Schweiz","og_description":"Informationen zur Barrierefreiheit der Website von St\u00fcwe Schweiz gem\u00e4\u00df geltenden gesetzlichen Anforderungen.","og_url":"https:\/\/stuewe-ag.ch\/en\/accessibility-declaration\/","og_site_name":"St\u00fcwe - Schweiz","article_modified_time":"2026-02-26T15:34:04+00:00","twitter_card":"summary_large_image","twitter_misc":{"Estimated reading time":"1 minute"},"schema":{"@context":"https:\/\/schema.org","@graph":[{"@type":"WebPage","@id":"https:\/\/stuewe-ag.ch\/barrierefreiheitserklaerung\/","url":"https:\/\/stuewe-ag.ch\/barrierefreiheitserklaerung\/","name":"Declaration of accessibility | St\u00fcwe Switzerland","isPartOf":{"@id":"https:\/\/stuewe-ag.ch\/#website"},"datePublished":"2025-07-02T10:09:06+00:00","dateModified":"2026-02-26T15:34:04+00:00","description":"Information on the accessibility of the St\u00fcwe Switzerland website in accordance with applicable legal requirements.","breadcrumb":{"@id":"https:\/\/stuewe-ag.ch\/barrierefreiheitserklaerung\/#breadcrumb"},"inLanguage":"en-GB","potentialAction":[{"@type":"ReadAction","target":["https:\/\/stuewe-ag.ch\/barrierefreiheitserklaerung\/"]}]},{"@type":"BreadcrumbList","@id":"https:\/\/stuewe-ag.ch\/barrierefreiheitserklaerung\/#breadcrumb","itemListElement":[{"@type":"ListItem","position":1,"name":"Start","item":"https:\/\/stuewe-ag.ch\/"},{"@type":"ListItem","position":2,"name":"Barrierefreiheitserkl\u00e4rung"}]},{"@type":"WebSite","@id":"https:\/\/stuewe-ag.ch\/#website","url":"https:\/\/stuewe-ag.ch\/","name":"St\u00fcwe - Switzerland","description":"Machine components for drive technology","publisher":{"@id":"https:\/\/stuewe-ag.ch\/#organization"},"potentialAction":[{"@type":"SearchAction","target":{"@type":"EntryPoint","urlTemplate":"https:\/\/stuewe-ag.ch\/?s={search_term_string}"},"query-input":{"@type":"PropertyValueSpecification","valueRequired":true,"valueName":"search_term_string"}}],"inLanguage":"en-GB"},{"@type":"Organization","@id":"https:\/\/stuewe-ag.ch\/#organization","name":"St\u00fcwe - Switzerland","url":"https:\/\/stuewe-ag.ch\/","logo":{"@type":"ImageObject","inLanguage":"en-GB","@id":"https:\/\/stuewe-ag.ch\/#\/schema\/logo\/image\/","url":"https:\/\/stuewe-ag.ch\/wp-content\/uploads\/2026\/01\/Stuewe-Logo-weiss-2.png","contentUrl":"https:\/\/stuewe-ag.ch\/wp-content\/uploads\/2026\/01\/Stuewe-Logo-weiss-2.png","width":450,"height":134,"caption":"St\u00fcwe - Schweiz"},"image":{"@id":"https:\/\/stuewe-ag.ch\/#\/schema\/logo\/image\/"},"sameAs":["https:\/\/de.linkedin.com\/company\/stwe-gmbh-co-kg"]}]}},"_links":{"self":[{"href":"https:\/\/stuewe-ag.ch\/en\/wp-json\/wp\/v2\/pages\/19311","targetHints":{"allow":["GET"]}}],"collection":[{"href":"https:\/\/stuewe-ag.ch\/en\/wp-json\/wp\/v2\/pages"}],"about":[{"href":"https:\/\/stuewe-ag.ch\/en\/wp-json\/wp\/v2\/types\/page"}],"author":[{"embeddable":true,"href":"https:\/\/stuewe-ag.ch\/en\/wp-json\/wp\/v2\/users\/8"}],"replies":[{"embeddable":true,"href":"https:\/\/stuewe-ag.ch\/en\/wp-json\/wp\/v2\/comments?post=19311"}],"version-history":[{"count":1,"href":"https:\/\/stuewe-ag.ch\/en\/wp-json\/wp\/v2\/pages\/19311\/revisions"}],"predecessor-version":[{"id":19313,"href":"https:\/\/stuewe-ag.ch\/en\/wp-json\/wp\/v2\/pages\/19311\/revisions\/19313"}],"wp:attachment":[{"href":"https:\/\/stuewe-ag.ch\/en\/wp-json\/wp\/v2\/media?parent=19311"}],"curies":[{"name":"wp","href":"https:\/\/api.w.org\/{rel}","templated":true}]}}