{"id":17807,"date":"2024-09-03T05:18:33","date_gmt":"2024-09-03T03:18:33","guid":{"rendered":"https:\/\/stuewe-test.ge-buer.de\/?page_id=17807"},"modified":"2026-02-26T16:37:13","modified_gmt":"2026-02-26T15:37:13","slug":"conditions-of-sale","status":"publish","type":"page","link":"https:\/\/stuewe-ag.ch\/en\/verkaufsbedingungen\/","title":{"rendered":"Terms of sale"},"content":{"rendered":"<div data-elementor-type=\"wp-page\" data-elementor-id=\"17807\" class=\"elementor elementor-17807\">\n\t\t\t\t\t\t<section class=\"elementor-section elementor-top-section elementor-element elementor-element-4b4cd82 elementor-section-full_width elementor-section-stretched elementor-section-height-default elementor-section-height-default\" data-id=\"4b4cd82\" data-element_type=\"section\" data-e-type=\"section\" data-settings=\"{&quot;stretch_section&quot;:&quot;section-stretched&quot;,&quot;background_background&quot;:&quot;classic&quot;}\">\n\t\t\t\t\t\t<div class=\"elementor-container elementor-column-gap-no\">\n\t\t\t\t\t<div class=\"elementor-column elementor-col-100 elementor-top-column elementor-element elementor-element-b898f71\" data-id=\"b898f71\" data-element_type=\"column\" data-e-type=\"column\">\n\t\t\t<div class=\"elementor-widget-wrap elementor-element-populated\">\n\t\t\t\t\t\t\t<\/div>\n\t\t<\/div>\n\t\t\t\t\t<\/div>\n\t\t<\/section>\n\t\t\t\t<section class=\"elementor-section elementor-top-section elementor-element elementor-element-5882d24a elementor-section-boxed elementor-section-height-default elementor-section-height-default\" data-id=\"5882d24a\" data-element_type=\"section\" data-e-type=\"section\" data-settings=\"{&quot;background_background&quot;:&quot;classic&quot;}\">\n\t\t\t\t\t\t<div class=\"elementor-container elementor-column-gap-no\">\n\t\t\t\t\t<div class=\"elementor-column elementor-col-100 elementor-top-column elementor-element elementor-element-d9fc463\" data-id=\"d9fc463\" data-element_type=\"column\" data-e-type=\"column\">\n\t\t\t<div class=\"elementor-widget-wrap elementor-element-populated\">\n\t\t\t\t\t\t<div class=\"elementor-element elementor-element-cc36216 elementor-widget__width-inherit elementor-widget elementor-widget-text-editor\" data-id=\"cc36216\" data-element_type=\"widget\" data-e-type=\"widget\" data-widget_type=\"text-editor.default\">\n\t\t\t\t<div class=\"elementor-widget-container\">\n\t\t\t\t\t\t\t\t\t<h2>General Terms and Conditions of Sale<\/h2>\n<p>General Terms and Conditions of Sale of St\u00fcwe Switzerland AG (hereinafter \u201eSt\u00fcwe\u201c), Industriestrasse 4, CH-9473 Gams<\/p>\n<h3>1 Scope of application \/ offers from St\u00fcwe<\/h3>\n<p>1.1 These General Terms and Conditions of Sale apply to all services and products of St\u00fcwe, insofar as St\u00fcwe expressly refers to these terms and conditions in the offer or order confirmation.<\/p>\n<p>1.2 The customer's general terms and conditions shall only apply if they are expressly recognised by St\u00fcwe.<\/p>\n<p>1.3 Offers from St\u00fcwe are free of charge for the customer, unless St\u00fcwe and the customer have agreed otherwise.<\/p>\n<h3>2 Contract products<\/h3>\n<p>2.1 The products and services that St\u00fcwe undertakes to deliver or provide under these Terms and Conditions are hereinafter referred to as Contract Products.<\/p>\n<p>2.2 The parties may define the product and (if applicable) process specifications for each contractual product and conclude separate quality agreements. The product and process specifications as well as the quality agreements shall become binding upon signature of a corresponding document. The properties of the contractual products agreed in such a document are warranted properties.<\/p>\n<p>2.3 The product and process specifications may only be changed by mutual agreement. In particular, the customer may not unilaterally change the defined specifications without the express consent of St\u00fcwe.<\/p>\n<p>2.4 St\u00fcwe shall be entitled at any time and without the customer's consent to engage one or more third parties to fulfil its obligations under a contract or to transfer the fulfilment of its obligations to one or more third parties.<\/p>\n<h3>3 Property rights<\/h3>\n<p>3.1 St\u00fcwe has obtained confirmation from its suppliers that the components used are free from third-party rights.<\/p>\n<p>3.2 The Supplier shall indemnify St\u00fcwe against any claims asserted by third parties against St\u00fcwe due to an infringement of property rights by products of the Supplier in which at least one component of the affected product of St\u00fcwe is used. Excluded from the indemnification are such claims that third parties assert against St\u00fcwe due to an infringement of property rights by the delivered products as such.<\/p>\n<p>3.3 This indemnification also includes the necessary costs of legal defence incurred by St\u00fcwe in the event of a legal dispute, including the necessary costs incurred in connection with the defence against unfounded claims.<\/p>\n<h3>4 Prices<\/h3>\n<p>4.1 The prices for the contractual products are EXW St\u00fcwe Gams (INCOTERMS 2010).<\/p>\n<p>4.2 The customer undertakes to pay the amount invoiced by St\u00fcwe within 30 days of invoicing.<\/p>\n<h3>5 Tools<\/h3>\n<p>5.1 If special tools have to be procured by St\u00fcwe for the manufacture of the Contract Products, the parties shall enter into a corresponding agreement in which, in particular, the financing, service life, ownership and responsibility for maintenance and replacement are regulated. Without a corresponding agreement, the following rules shall apply:<\/p>\n<p>5.2 The tools are the property of St\u00fcwe unless the customer has borne the full procurement costs and has expressly claimed ownership of the tool at the latest when instructing St\u00fcwe to procure the tool.<\/p>\n<p>5.3 The ordinary maintenance of the tools is the responsibility of St\u00fcwe. The same applies to repairs that are the result of improper use.<\/p>\n<p>5.4 The ordinary replacement of the tool at the end of its expected service life shall be at the customer's expense, irrespective of whether the customer is the owner of the tool or not.<\/p>\n<h3>6 Processing of deliveries<\/h3>\n<p><strong>6.1 Ordering system<\/strong><\/p>\n<p>6.1.1 As a rule, the customer shall send St\u00fcwe a written order.<\/p>\n<p>6.1.2 As a rule, St\u00fcwe shall send the customer a written order confirmation.<\/p>\n<p>6.1.3 If the order confirmation remains uncontested, the contract is concluded with this content.<\/p>\n<p><strong>6.2 Delivery modalities<\/strong><\/p>\n<p>6.2.1 Unless the parties expressly agree otherwise, deliveries shall be EXW St\u00fcwe Gams (INCOTERMS 2010).<\/p>\n<p>6.2.2 St\u00fcwe shall only enclose the documents expressly requested by the customer with each delivery of contractual products, except for a delivery note stating the customer's order number.<\/p>\n<p>6.2.3 The customer undertakes to properly inspect the contractual products upon receipt of the goods and to notify St\u00fcwe of any defects within five working days at the latest. The customer must also notify the carrier of any transport damage.<\/p>\n<p><strong>6.3 Blanket orders \/ quantity contracts<\/strong><\/p>\n<p>6.3.1 In the case of orders with continuous delivery (blanket orders\/quantity contracts), the customer shall notify St\u00fcwe of the call-offs and sorting as well as all other relevant information in good time, but at least six weeks before delivery EXW St\u00fcwe Gams or in compliance with a deadline agreed in writing between St\u00fcwe and the customer.<\/p>\n<p>6.3.2 If the call-off is not made during the contractually agreed period or if the grading is not carried out, St\u00fcwe shall be entitled to grade and deliver the contractual products itself.<\/p>\n<p>6.3.3 Unless otherwise contractually agreed between St\u00fcwe and the customer, blanket orders\/quantity contracts must be called up within one year. After expiry of the one-year period, St\u00fcwe shall be entitled either to deliver and invoice the remaining quantity not yet called up or to claim damages.<\/p>\n<h3>7 Performance assurance<\/h3>\n<p><strong>7.1 Material warranty<\/strong><\/p>\n<p>7.1.1 St\u00fcwe warrants that the contractual products comply with the agreed specifications and the quality agreements.<\/p>\n<p>7.1.2 The warranty period is 12 months from delivery of the contractual products to the customer. This period does not extend the periods for notification of defects pursuant to Sections 5.2.3 and 6.1.3.<\/p>\n<p>7.1.3 If the customer discovers defects in delivered contractual products, he must notify St\u00fcwe within five working days at the latest. St\u00fcwe undertakes to repair or replace defective contractual products at its discretion. It shall bear the costs associated with the repair or replacement of the required spare parts and\/or materials. The costs for disassembly, transport, assembly, etc. shall be borne by the customer. If St\u00fcwe does not succeed in restoring the condition in conformity with the contract within a reasonable period of time, the customer shall be entitled to assert the statutory warranty rights.<\/p>\n<p>7.1.4 St\u00fcwe assumes no liability for any damages incurred by the customer from or as a result of the delivery of defective contractual products, with the exception of any liability that is mandatory by law.<\/p>\n<p><strong>7.2 Delay<\/strong><\/p>\n<p>7.2.1 St\u00fcwe shall be in default if it fails to meet an agreed delivery date and the customer has also sent it a written reminder. The consequences of default shall be governed by the applicable statutory provisions. Notwithstanding this, St\u00fcwe assumes no liability for any damage caused by delay, with the exception of any liability that is mandatory by law.<\/p>\n<p>7.2.2 The customer shall be in default if it fails to pay St\u00fcwe's invoices within the agreed periods without the need for a reminder from St\u00fcwe. In the event of default, the customer shall owe default interest of 5 % per annum. In addition, the customer shall reimburse St\u00fcwe for all other losses, costs, expenses and obligations arising from the default. The other consequences of default shall be governed by the applicable statutory provisions.<\/p>\n<p><strong>7.3 Retention of title<\/strong><\/p>\n<p>7.3.1 The delivered Contract Products shall remain the property of St\u00fcwe until full payment has been received.<\/p>\n<p>7.3.2 The customer authorises St\u00fcwe, if necessary, to have the retention of title entered in the relevant retention of title register without further cooperation of the customer. If the cooperation of the customer, in particular the signing of a corresponding declaration or the like, is required for the registration of the retention of title, the customer undertakes to grant this upon first request by St\u00fcwe.<\/p>\n<p><strong>7.4 Securities<\/strong><\/p>\n<p>7.4.1 If the contractual receipt of the customer's payment before delivery of the contractual products appears doubtful to St\u00fcwe, St\u00fcwe shall be entitled to withhold delivery for the time being and\/or to withdraw from the contract without incurring any costs or compensation unless the customer provides sufficient security for the payments.<\/p>\n<p><strong>7.5 Intellectual property, confidentiality and data protection<\/strong><\/p>\n<p>7.5.1 All registered and unregistered intellectual property rights to documents (such as plans, sketches, technical descriptions, etc.) that St\u00fcwe provides to the customer within the scope of the contractual relationship and the inventions, developments, designs and objects described therein as well as all rights to the know-how disclosed in these documents and any trademark rights are the exclusive property of St\u00fcwe or the relevant companies of the St\u00fcwe Group. The customer is not authorised to use these documents or trademarks for purposes other than for the execution of the supply relationship with St\u00fcwe without the written consent of St\u00fcwe. In particular, the customer is not authorised to use them for orders from third parties, to publish them or otherwise make them accessible to third parties. The customer undertakes to return such documents to St\u00fcwe after termination of the contractual relationship without being requested to do so.<\/p>\n<p>7.5.2 All intellectual property rights to the delivered Contract Products shall remain the exclusive property of St\u00fcwe.<\/p>\n<p>7.5.3 Both parties mutually undertake to keep secret from third parties all information that is marked as confidential or is not generally known and that they receive from each other within the framework of the contractual relationship. St\u00fcwe's right to transfer information to other companies of the St\u00fcwe Group or to third parties that St\u00fcwe engages for the fulfilment of the contract within the meaning of Section 2.4 shall remain unaffected. The parties shall ensure compliance with this obligation by their employees and any suppliers or subcontractors. This confidentiality obligation shall continue beyond the end of this contract for as long as the confidentiality owner has an interest in maintaining confidentiality.<\/p>\n<p>7.5.4 The customer authorises St\u00fcwe to transfer its customer data to third parties in Germany and abroad for the processing and fulfilment of the contract if necessary. The customer agrees that St\u00fcwe may use its customer data for marketing purposes. The customer may request at any time that his data may no longer be used for marketing purposes.<\/p>\n<h3>8 Miscellaneous<\/h3>\n<p>8.1 \u201eSt\u00fcwe Group\u201c within the meaning of these General Terms and Conditions of Sale includes St\u00fcwe GmbH und Co KG, Technologiezentrum St\u00fcwe GmbH and D\u00fcsterloh Fluidtechnik GmbH and St\u00fcwe Switzerland AG as well as all companies that are temporarily or permanently, directly or indirectly, wholly or partly controlled by St\u00fcwe GmbH, Hattingen.<\/p>\n<p>8.2 Should one or more clauses of these General Terms and Conditions of Sale be or become invalid, this shall not affect the validity of the remaining provisions. The parties undertake to replace the invalid clause with a new provision that comes closest to the economic purpose of the invalid clause.<\/p>\n<p>8.3 St\u00fcwe shall be entitled at any time to transfer the rights and\/or obligations arising from this contract in whole or in part to a third party. The assignment of individual or all rights and\/or obligations under this contract by the customer to a third party is excluded without the prior written consent of St\u00fcwe.<\/p>\n<p>8.4 St\u00fcwe may offset claims of a customer at any time against claims against the customer to which it is entitled. Offsetting by the customer is excluded.<\/p>\n<p>8.5 All declarations and notifications to be made by a party under this contract must be made in writing. Collateral agreements, amendments and supplements to this contract, in particular to the General Terms and Conditions of Sale, must be made in writing in order to be valid.<\/p>\n<p>8.6 St\u00fcwe shall be entitled to withdraw from the contract without any costs or compensation in the event of a change in the ownership structure, control or management of the customer which, in the reasonable opinion of St\u00fcwe, has a material impact on the interests of St\u00fcwe or another company of the St\u00fcwe Group.<\/p>\n<h3>9 Choice of law and place of jurisdiction \/ place of fulfilment<\/h3>\n<p>9.1 This contract is governed by Swiss law to the exclusion of the Vienna Sales Convention.<\/p>\n<p>9.2 For disputes arising from or in connection with this contract, the customer recognises the exclusive jurisdiction of the ordinary courts at the registered office of St\u00fcwe. This shall not affect St\u00fcwe's right to sue the customer before any other court.<\/p>\n<p>9.3 The place of fulfilment is Gams, unless otherwise agreed.<\/p>\n<p><strong>Gams, 13.11.2025<\/strong><\/p>\t\t\t\t\t\t\t\t<\/div>\n\t\t\t\t<\/div>\n\t\t\t\t\t<\/div>\n\t\t<\/div>\n\t\t\t\t\t<\/div>\n\t\t<\/section>\n\t\t\t\t<\/div>","protected":false},"excerpt":{"rendered":"<p>Allgemeine Verkaufsbedingungen Allgemeine Verkaufsbedingungen der St\u00fcwe Switzerland AG (nachfolgend \u201eSt\u00fcwe\u201c), Industriestrasse 4, CH-9473 Gams 1 Geltungsbereich \/ Angebote von St\u00fcwe 1.1 Diese Allgemeinen Verkaufsbedingungen gelten f\u00fcr alle Leistungen und Produkte von St\u00fcwe, soweit St\u00fcwe in der Offerte oder Auftragsbest\u00e4tigung ausdr\u00fccklich auf&#8230;<\/p>","protected":false},"author":8,"featured_media":0,"parent":0,"menu_order":0,"comment_status":"closed","ping_status":"closed","template":"elementor_header_footer","meta":{"footnotes":""},"class_list":["post-17807","page","type-page","status-publish","hentry"],"yoast_head":"<!-- This site is optimized with the Yoast SEO plugin v27.3 - https:\/\/yoast.com\/product\/yoast-seo-wordpress\/ -->\n<title>Verkaufsbedingungen | St\u00fcwe Schweiz<\/title>\n<meta name=\"description\" content=\"Verkaufsbedingungen und vertragliche Regelungen der St\u00fcwe Schweiz AG f\u00fcr Lieferungen und Leistungen.\" \/>\n<meta name=\"robots\" content=\"index, follow, max-snippet:-1, max-image-preview:large, max-video-preview:-1\" \/>\n<link rel=\"canonical\" href=\"https:\/\/stuewe-ag.ch\/en\/conditions-of-sale\/\" \/>\n<meta property=\"og:locale\" content=\"en_GB\" \/>\n<meta property=\"og:type\" content=\"article\" \/>\n<meta property=\"og:title\" content=\"Verkaufsbedingungen | St\u00fcwe Schweiz\" \/>\n<meta property=\"og:description\" content=\"Verkaufsbedingungen und vertragliche Regelungen der St\u00fcwe Schweiz AG f\u00fcr Lieferungen und Leistungen.\" \/>\n<meta property=\"og:url\" content=\"https:\/\/stuewe-ag.ch\/en\/conditions-of-sale\/\" \/>\n<meta property=\"og:site_name\" content=\"St\u00fcwe - Schweiz\" \/>\n<meta property=\"article:modified_time\" content=\"2026-02-26T15:37:13+00:00\" \/>\n<meta name=\"twitter:card\" content=\"summary_large_image\" \/>\n<meta name=\"twitter:label1\" content=\"Estimated reading time\" \/>\n\t<meta name=\"twitter:data1\" content=\"10 minutes\" \/>\n<script type=\"application\/ld+json\" class=\"yoast-schema-graph\">{\"@context\":\"https:\\\/\\\/schema.org\",\"@graph\":[{\"@type\":\"WebPage\",\"@id\":\"https:\\\/\\\/stuewe-ag.ch\\\/verkaufsbedingungen\\\/\",\"url\":\"https:\\\/\\\/stuewe-ag.ch\\\/verkaufsbedingungen\\\/\",\"name\":\"Verkaufsbedingungen | St\u00fcwe Schweiz\",\"isPartOf\":{\"@id\":\"https:\\\/\\\/stuewe-ag.ch\\\/#website\"},\"datePublished\":\"2024-09-03T03:18:33+00:00\",\"dateModified\":\"2026-02-26T15:37:13+00:00\",\"description\":\"Verkaufsbedingungen und vertragliche Regelungen der St\u00fcwe Schweiz AG f\u00fcr Lieferungen und Leistungen.\",\"breadcrumb\":{\"@id\":\"https:\\\/\\\/stuewe-ag.ch\\\/verkaufsbedingungen\\\/#breadcrumb\"},\"inLanguage\":\"en-GB\",\"potentialAction\":[{\"@type\":\"ReadAction\",\"target\":[\"https:\\\/\\\/stuewe-ag.ch\\\/verkaufsbedingungen\\\/\"]}]},{\"@type\":\"BreadcrumbList\",\"@id\":\"https:\\\/\\\/stuewe-ag.ch\\\/verkaufsbedingungen\\\/#breadcrumb\",\"itemListElement\":[{\"@type\":\"ListItem\",\"position\":1,\"name\":\"Start\",\"item\":\"https:\\\/\\\/stuewe-ag.ch\\\/\"},{\"@type\":\"ListItem\",\"position\":2,\"name\":\"Verkaufsbedingungen\"}]},{\"@type\":\"WebSite\",\"@id\":\"https:\\\/\\\/stuewe-ag.ch\\\/#website\",\"url\":\"https:\\\/\\\/stuewe-ag.ch\\\/\",\"name\":\"St\u00fcwe - Schweiz\",\"description\":\"Maschinenbauteilen f\u00fcr Antriebstechnik\",\"publisher\":{\"@id\":\"https:\\\/\\\/stuewe-ag.ch\\\/#organization\"},\"potentialAction\":[{\"@type\":\"SearchAction\",\"target\":{\"@type\":\"EntryPoint\",\"urlTemplate\":\"https:\\\/\\\/stuewe-ag.ch\\\/?s={search_term_string}\"},\"query-input\":{\"@type\":\"PropertyValueSpecification\",\"valueRequired\":true,\"valueName\":\"search_term_string\"}}],\"inLanguage\":\"en-GB\"},{\"@type\":\"Organization\",\"@id\":\"https:\\\/\\\/stuewe-ag.ch\\\/#organization\",\"name\":\"St\u00fcwe - Schweiz\",\"url\":\"https:\\\/\\\/stuewe-ag.ch\\\/\",\"logo\":{\"@type\":\"ImageObject\",\"inLanguage\":\"en-GB\",\"@id\":\"https:\\\/\\\/stuewe-ag.ch\\\/#\\\/schema\\\/logo\\\/image\\\/\",\"url\":\"https:\\\/\\\/stuewe-ag.ch\\\/wp-content\\\/uploads\\\/2026\\\/01\\\/Stuewe-Logo-weiss-2.png\",\"contentUrl\":\"https:\\\/\\\/stuewe-ag.ch\\\/wp-content\\\/uploads\\\/2026\\\/01\\\/Stuewe-Logo-weiss-2.png\",\"width\":450,\"height\":134,\"caption\":\"St\u00fcwe - Schweiz\"},\"image\":{\"@id\":\"https:\\\/\\\/stuewe-ag.ch\\\/#\\\/schema\\\/logo\\\/image\\\/\"},\"sameAs\":[\"https:\\\/\\\/de.linkedin.com\\\/company\\\/stwe-gmbh-co-kg\"]}]}<\/script>\n<!-- \/ Yoast SEO plugin. -->","yoast_head_json":{"title":"Conditions of sale | St\u00fcwe Switzerland","description":"Terms and conditions of sale and contractual regulations of St\u00fcwe Schweiz AG for deliveries and services.","robots":{"index":"index","follow":"follow","max-snippet":"max-snippet:-1","max-image-preview":"max-image-preview:large","max-video-preview":"max-video-preview:-1"},"canonical":"https:\/\/stuewe-ag.ch\/en\/conditions-of-sale\/","og_locale":"en_GB","og_type":"article","og_title":"Verkaufsbedingungen | St\u00fcwe Schweiz","og_description":"Verkaufsbedingungen und vertragliche Regelungen der St\u00fcwe Schweiz AG f\u00fcr Lieferungen und Leistungen.","og_url":"https:\/\/stuewe-ag.ch\/en\/conditions-of-sale\/","og_site_name":"St\u00fcwe - Schweiz","article_modified_time":"2026-02-26T15:37:13+00:00","twitter_card":"summary_large_image","twitter_misc":{"Estimated reading time":"10 minutes"},"schema":{"@context":"https:\/\/schema.org","@graph":[{"@type":"WebPage","@id":"https:\/\/stuewe-ag.ch\/verkaufsbedingungen\/","url":"https:\/\/stuewe-ag.ch\/verkaufsbedingungen\/","name":"Conditions of sale | St\u00fcwe Switzerland","isPartOf":{"@id":"https:\/\/stuewe-ag.ch\/#website"},"datePublished":"2024-09-03T03:18:33+00:00","dateModified":"2026-02-26T15:37:13+00:00","description":"Terms and conditions of sale and contractual regulations of St\u00fcwe Schweiz AG for deliveries and services.","breadcrumb":{"@id":"https:\/\/stuewe-ag.ch\/verkaufsbedingungen\/#breadcrumb"},"inLanguage":"en-GB","potentialAction":[{"@type":"ReadAction","target":["https:\/\/stuewe-ag.ch\/verkaufsbedingungen\/"]}]},{"@type":"BreadcrumbList","@id":"https:\/\/stuewe-ag.ch\/verkaufsbedingungen\/#breadcrumb","itemListElement":[{"@type":"ListItem","position":1,"name":"Start","item":"https:\/\/stuewe-ag.ch\/"},{"@type":"ListItem","position":2,"name":"Verkaufsbedingungen"}]},{"@type":"WebSite","@id":"https:\/\/stuewe-ag.ch\/#website","url":"https:\/\/stuewe-ag.ch\/","name":"St\u00fcwe - Switzerland","description":"Machine components for drive technology","publisher":{"@id":"https:\/\/stuewe-ag.ch\/#organization"},"potentialAction":[{"@type":"SearchAction","target":{"@type":"EntryPoint","urlTemplate":"https:\/\/stuewe-ag.ch\/?s={search_term_string}"},"query-input":{"@type":"PropertyValueSpecification","valueRequired":true,"valueName":"search_term_string"}}],"inLanguage":"en-GB"},{"@type":"Organization","@id":"https:\/\/stuewe-ag.ch\/#organization","name":"St\u00fcwe - Switzerland","url":"https:\/\/stuewe-ag.ch\/","logo":{"@type":"ImageObject","inLanguage":"en-GB","@id":"https:\/\/stuewe-ag.ch\/#\/schema\/logo\/image\/","url":"https:\/\/stuewe-ag.ch\/wp-content\/uploads\/2026\/01\/Stuewe-Logo-weiss-2.png","contentUrl":"https:\/\/stuewe-ag.ch\/wp-content\/uploads\/2026\/01\/Stuewe-Logo-weiss-2.png","width":450,"height":134,"caption":"St\u00fcwe - Schweiz"},"image":{"@id":"https:\/\/stuewe-ag.ch\/#\/schema\/logo\/image\/"},"sameAs":["https:\/\/de.linkedin.com\/company\/stwe-gmbh-co-kg"]}]}},"_links":{"self":[{"href":"https:\/\/stuewe-ag.ch\/en\/wp-json\/wp\/v2\/pages\/17807","targetHints":{"allow":["GET"]}}],"collection":[{"href":"https:\/\/stuewe-ag.ch\/en\/wp-json\/wp\/v2\/pages"}],"about":[{"href":"https:\/\/stuewe-ag.ch\/en\/wp-json\/wp\/v2\/types\/page"}],"author":[{"embeddable":true,"href":"https:\/\/stuewe-ag.ch\/en\/wp-json\/wp\/v2\/users\/8"}],"replies":[{"embeddable":true,"href":"https:\/\/stuewe-ag.ch\/en\/wp-json\/wp\/v2\/comments?post=17807"}],"version-history":[{"count":13,"href":"https:\/\/stuewe-ag.ch\/en\/wp-json\/wp\/v2\/pages\/17807\/revisions"}],"predecessor-version":[{"id":20503,"href":"https:\/\/stuewe-ag.ch\/en\/wp-json\/wp\/v2\/pages\/17807\/revisions\/20503"}],"wp:attachment":[{"href":"https:\/\/stuewe-ag.ch\/en\/wp-json\/wp\/v2\/media?parent=17807"}],"curies":[{"name":"wp","href":"https:\/\/api.w.org\/{rel}","templated":true}]}}