{"id":17268,"date":"2024-08-05T05:20:54","date_gmt":"2024-08-05T03:20:54","guid":{"rendered":"https:\/\/stuewe-test.ge-buer.de\/?page_id=17268"},"modified":"2026-02-26T16:33:28","modified_gmt":"2026-02-26T15:33:28","slug":"application","status":"publish","type":"page","link":"https:\/\/stuewe-ag.ch\/en\/anwendung\/","title":{"rendered":"Application"},"content":{"rendered":"\t\t<div data-elementor-type=\"wp-page\" data-elementor-id=\"17268\" class=\"elementor elementor-17268\">\n\t\t\t\t\t\t<section class=\"elementor-section elementor-top-section elementor-element elementor-element-dd36705 elementor-section-boxed elementor-section-height-default elementor-section-height-default\" data-id=\"dd36705\" data-element_type=\"section\" data-e-type=\"section\">\n\t\t\t\t\t\t<div class=\"elementor-container elementor-column-gap-default\">\n\t\t\t\t\t<div class=\"elementor-column elementor-col-100 elementor-top-column elementor-element elementor-element-38cf104\" data-id=\"38cf104\" data-element_type=\"column\" data-e-type=\"column\">\n\t\t\t<div class=\"elementor-widget-wrap elementor-element-populated\">\n\t\t\t\t\t\t<div class=\"elementor-element elementor-element-6f2714f elementor-widget elementor-widget-industrium_heading\" data-id=\"6f2714f\" data-element_type=\"widget\" data-e-type=\"widget\" data-widget_type=\"industrium_heading.default\">\n\t\t\t\t<div class=\"elementor-widget-container\">\n\t\t\t\t\t<div class=\"industrium-heading-widget\"><h2 class=\"industrium-heading\"><span class=\"industrium-subheading no-dot\">Anwendung<\/span><span class=\"industrium-heading-content\"><strong>Breites Einsatzspektrum<\/strong><\/span><\/h2><\/div>\t\t\t\t<\/div>\n\t\t\t\t<\/div>\n\t\t\t\t<div class=\"elementor-element elementor-element-c073324 elementor-widget elementor-widget-text-editor\" data-id=\"c073324\" data-element_type=\"widget\" data-e-type=\"widget\" data-widget_type=\"text-editor.default\">\n\t\t\t\t<div class=\"elementor-widget-container\">\n\t\t\t\t\t\t\t\t\t<div class=\"flex-shrink-0 flex flex-col relative items-end\"><div class=\"pt-0\"><div class=\"gizmo-bot-avatar flex h-8 w-8 items-center justify-center overflow-hidden rounded-full\"><div class=\"relative p-1 rounded-sm flex items-center justify-center bg-token-main-surface-primary text-token-text-primary h-8 w-8\"><p>St\u00fcwe bietet eine breite Palette an Produkten f\u00fcr verschiedene Anwendungen. Unsere Produkte werden in den Bereichen Maschinen\u2011 und Anlagenbau, Werkzeugmaschinen, F\u00f6rder\u2011, Hub\u2011 und Hebetechnik, Pumpen\u2011, Kompressor\u2011 und Nebenantriebe, Sicherheitsanwendungen sowie Verpackungs\u2011 und Prozessmaschinen eingesetzt. Dank ihrer Robustheit und pr\u00e4zisen Auslegung eignen sich unsere Kupplungen und Bremsen auch f\u00fcr komplexe und anspruchsvolle Einsatzszenarien.<\/p><\/div><\/div><\/div><\/div>\t\t\t\t\t\t\t\t<\/div>\n\t\t\t\t<\/div>\n\t\t\t\t<div class=\"elementor-element elementor-element-91d887e view_type-2 style_type-2 elementor-widget elementor-widget-industrium_services_listing\" data-id=\"91d887e\" data-element_type=\"widget\" data-e-type=\"widget\" data-widget_type=\"industrium_services_listing.default\">\n\t\t\t\t<div class=\"elementor-widget-container\">\n\t\t\t\t\t\n        <div class=\"industrium-service-listing-widget\">\n\n            <div class=\"archive-listing\" data-ajax='{&quot;post_type&quot;:&quot;industrium_service&quot;,&quot;ignore_sticky_posts&quot;:true,&quot;suppress_filters&quot;:true,&quot;orderby&quot;:&quot;date&quot;,&quot;order&quot;:&quot;asc&quot;,&quot;link_base&quot;:&quot;https:\\\/\\\/stuewe-ag.ch\\\/en\\\/wp-json\\\/wp\\\/v2\\\/pages\\\/17268&quot;,&quot;industrium_services_category&quot;:[&quot;stuewe&quot;],&quot;posts_per_page&quot;:-1}' data-widget='{&quot;excerpt_length&quot;:200,&quot;item_class&quot;:&quot;service-item-wrapper slider-item&quot;,&quot;columns_number&quot;:3,&quot;listing_type&quot;:&quot;slider&quot;,&quot;view_type&quot;:&quot;type-2&quot;}'>\n                <div class=\"archive-listing-wrapper service-listing-wrapper service-slider-listing owl-carousel owl-theme\" data-slider-options={&quot;items&quot;:3,&quot;nav&quot;:false,&quot;dots&quot;:true,&quot;dotsContainer&quot;:&quot;.owl-dots-91d887e&quot;,&quot;autoplayHoverPause&quot;:true,&quot;autoplay&quot;:false,&quot;autoplaySpeed&quot;:300,&quot;autoplayTimeout&quot;:5000,&quot;loop&quot;:false,&quot;speed&quot;:500,&quot;view_type&quot;:&quot;type-2&quot;}>\n                    \n<div class=\"service-item-wrapper post-16397 industrium_service type-industrium_service status-publish has-post-thumbnail hentry industrium_services_category-stuewe\">\n    <div class=\"service-item\">\n         <a class=\"service-slider-item-link\" href=\"https:\/\/stuewe-ag.ch\/en\/services\/automatisierungs-und-produktionsanlagen\/\"><div class=\"service-item-media\"><img decoding=\"async\" alt=\"Automatisierungs- und Produktionsanlagen\" title=\"Automatisierungs- und Produktionsanlagen\" srcset=\"https:\/\/stuewe-ag.ch\/wp-content\/uploads\/2024\/07\/Automatisierungs-und-Produktionsanlagen-640x770.jpg 535w, https:\/\/stuewe-ag.ch\/wp-content\/uploads\/2024\/07\/Automatisierungs-und-Produktionsanlagen-640x770.jpg 951w, https:\/\/stuewe-ag.ch\/wp-content\/uploads\/2024\/07\/Automatisierungs-und-Produktionsanlagen-640x770.jpg 1170w\" sizes=\"(max-width: 575px) 535px, (max-width: 991px) 951px\" src=\"https:\/\/stuewe-ag.ch\/wp-content\/uploads\/2024\/07\/Automatisierungs-und-Produktionsanlagen-640x770.jpg\" class=\"attachment-industrium_service_slider_3_columns size-industrium_service_slider_3_columns wp-post-image\" \/><\/div><span class=\"service-item-number\">01<\/span><div class=\"service-item-content\"><h5 class=\"service-post-title\">Automatisierungs- und Produktionsanlagen<\/h5><div class=\"service-item-excerpt\">Zuverl\u00e4ssige Antriebsl\u00f6sungen f\u00fcr pr\u00e4zise, dynamische und kontinuierliche Prozesse.<\/div><\/div><\/a>    <\/div>\n<\/div>\n<div class=\"service-item-wrapper post-20617 industrium_service type-industrium_service status-publish has-post-thumbnail hentry industrium_services_category-stuewe\">\n    <div class=\"service-item\">\n         <a class=\"service-slider-item-link\" href=\"https:\/\/stuewe-ag.ch\/en\/services\/maschinen-und-anlagenbau\/\"><div class=\"service-item-media\"><img decoding=\"async\" alt=\"Maschinen- und Anlagenbau\" title=\"Maschinen- und Anlagenbau\" srcset=\"https:\/\/stuewe-ag.ch\/wp-content\/uploads\/2026\/01\/Maschinen-und-Anlagenbau-1-640x770.jpg 535w, https:\/\/stuewe-ag.ch\/wp-content\/uploads\/2026\/01\/Maschinen-und-Anlagenbau-1-640x770.jpg 951w, https:\/\/stuewe-ag.ch\/wp-content\/uploads\/2026\/01\/Maschinen-und-Anlagenbau-1-640x770.jpg 1170w\" sizes=\"(max-width: 575px) 535px, (max-width: 991px) 951px\" src=\"https:\/\/stuewe-ag.ch\/wp-content\/uploads\/2026\/01\/Maschinen-und-Anlagenbau-1-640x770.jpg\" class=\"attachment-industrium_service_slider_3_columns size-industrium_service_slider_3_columns wp-post-image\" \/><\/div><span class=\"service-item-number\">02<\/span><div class=\"service-item-content\"><h5 class=\"service-post-title\">Maschinen- und Anlagenbau<\/h5><div class=\"service-item-excerpt\">Robuste Komponenten f\u00fcr leistungsstarke und langlebige Maschinenkonzepte.<\/div><\/div><\/a>    <\/div>\n<\/div>\n<div class=\"service-item-wrapper post-20621 industrium_service type-industrium_service status-publish has-post-thumbnail hentry industrium_services_category-stuewe\">\n    <div class=\"service-item\">\n         <a class=\"service-slider-item-link\" href=\"https:\/\/stuewe-ag.ch\/en\/services\/werkzeugmaschinen\/\"><div class=\"service-item-media\"><img decoding=\"async\" alt=\"Werkzeugmaschinen\" title=\"Werkzeugmaschinen\" srcset=\"https:\/\/stuewe-ag.ch\/wp-content\/uploads\/2026\/01\/Werkzeugmaschinen-640x770.jpg 535w, https:\/\/stuewe-ag.ch\/wp-content\/uploads\/2026\/01\/Werkzeugmaschinen-640x770.jpg 951w, https:\/\/stuewe-ag.ch\/wp-content\/uploads\/2026\/01\/Werkzeugmaschinen-640x770.jpg 1170w\" sizes=\"(max-width: 575px) 535px, (max-width: 991px) 951px\" src=\"https:\/\/stuewe-ag.ch\/wp-content\/uploads\/2026\/01\/Werkzeugmaschinen-640x770.jpg\" class=\"attachment-industrium_service_slider_3_columns size-industrium_service_slider_3_columns wp-post-image\" \/><\/div><span class=\"service-item-number\">03<\/span><div class=\"service-item-content\"><h5 class=\"service-post-title\">Werkzeugmaschinen<\/h5><div class=\"service-item-excerpt\">Pr\u00e4zision und Wiederholgenauigkeit f\u00fcr hochdynamische Bearbeitungsprozesse.<\/div><\/div><\/a>    <\/div>\n<\/div>\n<div class=\"service-item-wrapper post-20626 industrium_service type-industrium_service status-publish has-post-thumbnail hentry industrium_services_category-stuewe\">\n    <div class=\"service-item\">\n         <a class=\"service-slider-item-link\" href=\"https:\/\/stuewe-ag.ch\/en\/services\/foerder-hub-und-hebetechnik\/\"><div class=\"service-item-media\"><img decoding=\"async\" alt=\"F\u00f6rder-, Hub- und Hebetechnik\" title=\"F\u00f6rder-, Hub- und Hebetechnik\" srcset=\"https:\/\/stuewe-ag.ch\/wp-content\/uploads\/2026\/01\/Foerder-Hub-und-Hebetechnik-640x770.jpg 535w, https:\/\/stuewe-ag.ch\/wp-content\/uploads\/2026\/01\/Foerder-Hub-und-Hebetechnik-640x770.jpg 951w, https:\/\/stuewe-ag.ch\/wp-content\/uploads\/2026\/01\/Foerder-Hub-und-Hebetechnik-640x770.jpg 1170w\" sizes=\"(max-width: 575px) 535px, (max-width: 991px) 951px\" src=\"https:\/\/stuewe-ag.ch\/wp-content\/uploads\/2026\/01\/Foerder-Hub-und-Hebetechnik-640x770.jpg\" class=\"attachment-industrium_service_slider_3_columns size-industrium_service_slider_3_columns wp-post-image\" \/><\/div><span class=\"service-item-number\">04<\/span><div class=\"service-item-content\"><h5 class=\"service-post-title\">F\u00f6rder-, Hub- und Hebetechnik<\/h5><div class=\"service-item-excerpt\">Sichere Halte- und Bremsfunktionen f\u00fcr vertikale und horizontale Bewegungen.<\/div><\/div><\/a>    <\/div>\n<\/div>\n<div class=\"service-item-wrapper post-20630 industrium_service type-industrium_service status-publish has-post-thumbnail hentry industrium_services_category-stuewe\">\n    <div class=\"service-item\">\n         <a class=\"service-slider-item-link\" href=\"https:\/\/stuewe-ag.ch\/en\/services\/pumpen-kompressor-und-nebenantriebe\/\"><div class=\"service-item-media\"><img decoding=\"async\" alt=\"Pumpen-, Kompressor- und Nebenantriebe\" title=\"Pumpen-, Kompressor- und Nebenantriebe\" srcset=\"https:\/\/stuewe-ag.ch\/wp-content\/uploads\/2026\/01\/Pumpen-Kompressor-und-Nebenantriebe-640x770.jpg 535w, https:\/\/stuewe-ag.ch\/wp-content\/uploads\/2026\/01\/Pumpen-Kompressor-und-Nebenantriebe-640x770.jpg 951w, https:\/\/stuewe-ag.ch\/wp-content\/uploads\/2026\/01\/Pumpen-Kompressor-und-Nebenantriebe-640x770.jpg 1170w\" sizes=\"(max-width: 575px) 535px, (max-width: 991px) 951px\" src=\"https:\/\/stuewe-ag.ch\/wp-content\/uploads\/2026\/01\/Pumpen-Kompressor-und-Nebenantriebe-640x770.jpg\" class=\"attachment-industrium_service_slider_3_columns size-industrium_service_slider_3_columns wp-post-image\" \/><\/div><span class=\"service-item-number\">05<\/span><div class=\"service-item-content\"><h5 class=\"service-post-title\">Pumpen-, Kompressor- und Nebenantriebe<\/h5><div class=\"service-item-excerpt\">Zuverl\u00e4ssige Kraft\u00fcbertragung f\u00fcr kontinuierlichen Betrieb.<\/div><\/div><\/a>    <\/div>\n<\/div>\n<div class=\"service-item-wrapper post-20634 industrium_service type-industrium_service status-publish has-post-thumbnail hentry industrium_services_category-stuewe\">\n    <div class=\"service-item\">\n         <a class=\"service-slider-item-link\" href=\"https:\/\/stuewe-ag.ch\/en\/services\/verpackungs-und-prozessmaschinen\/\"><div class=\"service-item-media\"><img decoding=\"async\" alt=\"Verpackungs- und Prozessmaschinen\" title=\"Verpackungs- und Prozessmaschinen\" srcset=\"https:\/\/stuewe-ag.ch\/wp-content\/uploads\/2026\/01\/Verpackungs-und-Prozessmaschinen-640x770.jpg 535w, https:\/\/stuewe-ag.ch\/wp-content\/uploads\/2026\/01\/Verpackungs-und-Prozessmaschinen-640x770.jpg 951w, https:\/\/stuewe-ag.ch\/wp-content\/uploads\/2026\/01\/Verpackungs-und-Prozessmaschinen-640x770.jpg 1170w\" sizes=\"(max-width: 575px) 535px, (max-width: 991px) 951px\" src=\"https:\/\/stuewe-ag.ch\/wp-content\/uploads\/2026\/01\/Verpackungs-und-Prozessmaschinen-640x770.jpg\" class=\"attachment-industrium_service_slider_3_columns size-industrium_service_slider_3_columns wp-post-image\" \/><\/div><span class=\"service-item-number\">06<\/span><div class=\"service-item-content\"><h5 class=\"service-post-title\">Verpackungs- und Prozessmaschinen<\/h5><div class=\"service-item-excerpt\">Hohe Taktzahlen und pr\u00e4zise Abl\u00e4ufe f\u00fcr effiziente Prozesse.<\/div><\/div><\/a>    <\/div>\n<\/div>\n<div class=\"service-item-wrapper post-20638 industrium_service type-industrium_service status-publish has-post-thumbnail hentry industrium_services_category-stuewe\">\n    <div class=\"service-item\">\n         <a class=\"service-slider-item-link\" href=\"https:\/\/stuewe-ag.ch\/en\/services\/sicherheitsanwendungen-robotik-manipulatoren\/\"><div class=\"service-item-media\"><img decoding=\"async\" alt=\"Sicherheitsanwendungen (Robotik &amp; Manipulatoren) anlagen\" title=\"Sicherheitsanwendungen (Robotik &amp; Manipulatoren) anlagen\" srcset=\"https:\/\/stuewe-ag.ch\/wp-content\/uploads\/2026\/01\/Sicherheitsanwendungen-Robotik-Manipulatoren-anlagen-640x770.jpg 535w, https:\/\/stuewe-ag.ch\/wp-content\/uploads\/2026\/01\/Sicherheitsanwendungen-Robotik-Manipulatoren-anlagen-640x770.jpg 951w, https:\/\/stuewe-ag.ch\/wp-content\/uploads\/2026\/01\/Sicherheitsanwendungen-Robotik-Manipulatoren-anlagen-640x770.jpg 1170w\" sizes=\"(max-width: 575px) 535px, (max-width: 991px) 951px\" src=\"https:\/\/stuewe-ag.ch\/wp-content\/uploads\/2026\/01\/Sicherheitsanwendungen-Robotik-Manipulatoren-anlagen-640x770.jpg\" class=\"attachment-industrium_service_slider_3_columns size-industrium_service_slider_3_columns wp-post-image\" \/><\/div><span class=\"service-item-number\">07<\/span><div class=\"service-item-content\"><h5 class=\"service-post-title\">Robotik, Manipulatoren und Sicherheitsanwendungen<\/h5><div class=\"service-item-excerpt\">Zuverl\u00e4ssige Sicherheitsfunktionen f\u00fcr Mensch und Maschine.<\/div><\/div><\/a>    <\/div>\n<\/div>                <\/div>\n\n                            <\/div>\n            <div class=\"owl-dots owl-dots-91d887e\"><\/div>        <\/div>\n        \t\t\t\t<\/div>\n\t\t\t\t<\/div>\n\t\t\t\t\t<\/div>\n\t\t<\/div>\n\t\t\t\t\t<\/div>\n\t\t<\/section>\n\t\t\t\t<\/div>\n\t\t","protected":false},"excerpt":{"rendered":"<p>St\u00fcwe bietet eine breite Palette an Produkten f\u00fcr verschiedene Anwendungen. Unsere Produkte werden in den Bereichen Maschinen\u2011 und Anlagenbau, Werkzeugmaschinen, F\u00f6rder\u2011, Hub\u2011 und Hebetechnik, Pumpen\u2011, Kompressor\u2011 und Nebenantriebe, Sicherheitsanwendungen sowie Verpackungs\u2011 und Prozessmaschinen eingesetzt. Dank ihrer Robustheit und pr\u00e4zisen Auslegung eignen&#8230;<\/p>","protected":false},"author":8,"featured_media":0,"parent":0,"menu_order":0,"comment_status":"closed","ping_status":"closed","template":"","meta":{"footnotes":""},"class_list":["post-17268","page","type-page","status-publish","hentry"],"yoast_head":"<!-- This site is optimized with the Yoast SEO plugin v27.3 - https:\/\/yoast.com\/product\/yoast-seo-wordpress\/ -->\n<title>Anwendungen | St\u00fcwe Schweiz \u2013 Antriebstechnik f\u00fcr Industrie<\/title>\n<meta name=\"description\" content=\"Entdecken Sie industrielle Anwendungen f\u00fcr Industriebremsen und Kupplungssysteme von St\u00fcwe Schweiz \u2013 leistungsstark, pr\u00e4zise und zuverl\u00e4ssig.\" \/>\n<meta name=\"robots\" content=\"index, follow, max-snippet:-1, max-image-preview:large, max-video-preview:-1\" \/>\n<link rel=\"canonical\" href=\"https:\/\/stuewe-ag.ch\/en\/application\/\" \/>\n<meta property=\"og:locale\" content=\"en_GB\" \/>\n<meta property=\"og:type\" content=\"article\" \/>\n<meta property=\"og:title\" content=\"Anwendungen | St\u00fcwe Schweiz \u2013 Antriebstechnik f\u00fcr Industrie\" \/>\n<meta property=\"og:description\" content=\"Entdecken Sie industrielle Anwendungen f\u00fcr Industriebremsen und Kupplungssysteme von St\u00fcwe Schweiz \u2013 leistungsstark, pr\u00e4zise und zuverl\u00e4ssig.\" \/>\n<meta property=\"og:url\" content=\"https:\/\/stuewe-ag.ch\/en\/application\/\" \/>\n<meta property=\"og:site_name\" content=\"St\u00fcwe - Schweiz\" \/>\n<meta property=\"article:modified_time\" content=\"2026-02-26T15:33:28+00:00\" \/>\n<meta name=\"twitter:card\" content=\"summary_large_image\" \/>\n<meta name=\"twitter:label1\" content=\"Estimated reading time\" \/>\n\t<meta name=\"twitter:data1\" content=\"1 minute\" \/>\n<script type=\"application\/ld+json\" class=\"yoast-schema-graph\">{\"@context\":\"https:\\\/\\\/schema.org\",\"@graph\":[{\"@type\":\"WebPage\",\"@id\":\"https:\\\/\\\/stuewe-ag.ch\\\/anwendung\\\/\",\"url\":\"https:\\\/\\\/stuewe-ag.ch\\\/anwendung\\\/\",\"name\":\"Anwendungen | St\u00fcwe Schweiz \u2013 Antriebstechnik f\u00fcr Industrie\",\"isPartOf\":{\"@id\":\"https:\\\/\\\/stuewe-ag.ch\\\/#website\"},\"datePublished\":\"2024-08-05T03:20:54+00:00\",\"dateModified\":\"2026-02-26T15:33:28+00:00\",\"description\":\"Entdecken Sie industrielle Anwendungen f\u00fcr Industriebremsen und Kupplungssysteme von St\u00fcwe Schweiz \u2013 leistungsstark, pr\u00e4zise und zuverl\u00e4ssig.\",\"breadcrumb\":{\"@id\":\"https:\\\/\\\/stuewe-ag.ch\\\/anwendung\\\/#breadcrumb\"},\"inLanguage\":\"en-GB\",\"potentialAction\":[{\"@type\":\"ReadAction\",\"target\":[\"https:\\\/\\\/stuewe-ag.ch\\\/anwendung\\\/\"]}]},{\"@type\":\"BreadcrumbList\",\"@id\":\"https:\\\/\\\/stuewe-ag.ch\\\/anwendung\\\/#breadcrumb\",\"itemListElement\":[{\"@type\":\"ListItem\",\"position\":1,\"name\":\"Start\",\"item\":\"https:\\\/\\\/stuewe-ag.ch\\\/\"},{\"@type\":\"ListItem\",\"position\":2,\"name\":\"Anwendung\"}]},{\"@type\":\"WebSite\",\"@id\":\"https:\\\/\\\/stuewe-ag.ch\\\/#website\",\"url\":\"https:\\\/\\\/stuewe-ag.ch\\\/\",\"name\":\"St\u00fcwe - Schweiz\",\"description\":\"Maschinenbauteilen f\u00fcr Antriebstechnik\",\"publisher\":{\"@id\":\"https:\\\/\\\/stuewe-ag.ch\\\/#organization\"},\"potentialAction\":[{\"@type\":\"SearchAction\",\"target\":{\"@type\":\"EntryPoint\",\"urlTemplate\":\"https:\\\/\\\/stuewe-ag.ch\\\/?s={search_term_string}\"},\"query-input\":{\"@type\":\"PropertyValueSpecification\",\"valueRequired\":true,\"valueName\":\"search_term_string\"}}],\"inLanguage\":\"en-GB\"},{\"@type\":\"Organization\",\"@id\":\"https:\\\/\\\/stuewe-ag.ch\\\/#organization\",\"name\":\"St\u00fcwe - Schweiz\",\"url\":\"https:\\\/\\\/stuewe-ag.ch\\\/\",\"logo\":{\"@type\":\"ImageObject\",\"inLanguage\":\"en-GB\",\"@id\":\"https:\\\/\\\/stuewe-ag.ch\\\/#\\\/schema\\\/logo\\\/image\\\/\",\"url\":\"https:\\\/\\\/stuewe-ag.ch\\\/wp-content\\\/uploads\\\/2026\\\/01\\\/Stuewe-Logo-weiss-2.png\",\"contentUrl\":\"https:\\\/\\\/stuewe-ag.ch\\\/wp-content\\\/uploads\\\/2026\\\/01\\\/Stuewe-Logo-weiss-2.png\",\"width\":450,\"height\":134,\"caption\":\"St\u00fcwe - Schweiz\"},\"image\":{\"@id\":\"https:\\\/\\\/stuewe-ag.ch\\\/#\\\/schema\\\/logo\\\/image\\\/\"},\"sameAs\":[\"https:\\\/\\\/de.linkedin.com\\\/company\\\/stwe-gmbh-co-kg\"]}]}<\/script>\n<!-- \/ Yoast SEO plugin. -->","yoast_head_json":{"title":"Applications | St\u00fcwe Switzerland - Drive technology for industry","description":"Discover industrial applications for industrial brakes and clutch systems from St\u00fcwe Switzerland - powerful, precise and reliable.","robots":{"index":"index","follow":"follow","max-snippet":"max-snippet:-1","max-image-preview":"max-image-preview:large","max-video-preview":"max-video-preview:-1"},"canonical":"https:\/\/stuewe-ag.ch\/en\/application\/","og_locale":"en_GB","og_type":"article","og_title":"Anwendungen | St\u00fcwe Schweiz \u2013 Antriebstechnik f\u00fcr Industrie","og_description":"Entdecken Sie industrielle Anwendungen f\u00fcr Industriebremsen und Kupplungssysteme von St\u00fcwe Schweiz \u2013 leistungsstark, pr\u00e4zise und zuverl\u00e4ssig.","og_url":"https:\/\/stuewe-ag.ch\/en\/application\/","og_site_name":"St\u00fcwe - Schweiz","article_modified_time":"2026-02-26T15:33:28+00:00","twitter_card":"summary_large_image","twitter_misc":{"Estimated reading time":"1 minute"},"schema":{"@context":"https:\/\/schema.org","@graph":[{"@type":"WebPage","@id":"https:\/\/stuewe-ag.ch\/anwendung\/","url":"https:\/\/stuewe-ag.ch\/anwendung\/","name":"Applications | St\u00fcwe Switzerland - Drive technology for industry","isPartOf":{"@id":"https:\/\/stuewe-ag.ch\/#website"},"datePublished":"2024-08-05T03:20:54+00:00","dateModified":"2026-02-26T15:33:28+00:00","description":"Discover industrial applications for industrial brakes and clutch systems from St\u00fcwe Switzerland - powerful, precise and reliable.","breadcrumb":{"@id":"https:\/\/stuewe-ag.ch\/anwendung\/#breadcrumb"},"inLanguage":"en-GB","potentialAction":[{"@type":"ReadAction","target":["https:\/\/stuewe-ag.ch\/anwendung\/"]}]},{"@type":"BreadcrumbList","@id":"https:\/\/stuewe-ag.ch\/anwendung\/#breadcrumb","itemListElement":[{"@type":"ListItem","position":1,"name":"Start","item":"https:\/\/stuewe-ag.ch\/"},{"@type":"ListItem","position":2,"name":"Anwendung"}]},{"@type":"WebSite","@id":"https:\/\/stuewe-ag.ch\/#website","url":"https:\/\/stuewe-ag.ch\/","name":"St\u00fcwe - Switzerland","description":"Machine components for drive technology","publisher":{"@id":"https:\/\/stuewe-ag.ch\/#organization"},"potentialAction":[{"@type":"SearchAction","target":{"@type":"EntryPoint","urlTemplate":"https:\/\/stuewe-ag.ch\/?s={search_term_string}"},"query-input":{"@type":"PropertyValueSpecification","valueRequired":true,"valueName":"search_term_string"}}],"inLanguage":"en-GB"},{"@type":"Organization","@id":"https:\/\/stuewe-ag.ch\/#organization","name":"St\u00fcwe - Switzerland","url":"https:\/\/stuewe-ag.ch\/","logo":{"@type":"ImageObject","inLanguage":"en-GB","@id":"https:\/\/stuewe-ag.ch\/#\/schema\/logo\/image\/","url":"https:\/\/stuewe-ag.ch\/wp-content\/uploads\/2026\/01\/Stuewe-Logo-weiss-2.png","contentUrl":"https:\/\/stuewe-ag.ch\/wp-content\/uploads\/2026\/01\/Stuewe-Logo-weiss-2.png","width":450,"height":134,"caption":"St\u00fcwe - Schweiz"},"image":{"@id":"https:\/\/stuewe-ag.ch\/#\/schema\/logo\/image\/"},"sameAs":["https:\/\/de.linkedin.com\/company\/stwe-gmbh-co-kg"]}]}},"_links":{"self":[{"href":"https:\/\/stuewe-ag.ch\/en\/wp-json\/wp\/v2\/pages\/17268","targetHints":{"allow":["GET"]}}],"collection":[{"href":"https:\/\/stuewe-ag.ch\/en\/wp-json\/wp\/v2\/pages"}],"about":[{"href":"https:\/\/stuewe-ag.ch\/en\/wp-json\/wp\/v2\/types\/page"}],"author":[{"embeddable":true,"href":"https:\/\/stuewe-ag.ch\/en\/wp-json\/wp\/v2\/users\/8"}],"replies":[{"embeddable":true,"href":"https:\/\/stuewe-ag.ch\/en\/wp-json\/wp\/v2\/comments?post=17268"}],"version-history":[{"count":43,"href":"https:\/\/stuewe-ag.ch\/en\/wp-json\/wp\/v2\/pages\/17268\/revisions"}],"predecessor-version":[{"id":22181,"href":"https:\/\/stuewe-ag.ch\/en\/wp-json\/wp\/v2\/pages\/17268\/revisions\/22181"}],"wp:attachment":[{"href":"https:\/\/stuewe-ag.ch\/en\/wp-json\/wp\/v2\/media?parent=17268"}],"curies":[{"name":"wp","href":"https:\/\/api.w.org\/{rel}","templated":true}]}}