{"id":17048,"date":"2024-08-05T01:08:07","date_gmt":"2024-08-04T23:08:07","guid":{"rendered":"https:\/\/stuewe-test.ge-buer.de\/?page_id=17048"},"modified":"2026-04-10T16:23:26","modified_gmt":"2026-04-10T14:23:26","slug":"request","status":"publish","type":"page","link":"https:\/\/stuewe-ag.ch\/en\/anfragen\/","title":{"rendered":"Enquiries"},"content":{"rendered":"<div data-elementor-type=\"wp-page\" data-elementor-id=\"17048\" class=\"elementor elementor-17048\">\n\t\t\t\t\t\t<section class=\"elementor-section elementor-inner-section elementor-element elementor-element-47fae42f elementor-section-boxed elementor-section-height-default elementor-section-height-default\" data-id=\"47fae42f\" data-element_type=\"section\" data-e-type=\"section\" data-settings=\"{&quot;background_background&quot;:&quot;classic&quot;}\">\n\t\t\t\t\t\t<div class=\"elementor-container elementor-column-gap-no\">\n\t\t\t\t\t<div class=\"elementor-column elementor-col-100 elementor-inner-column elementor-element elementor-element-3ae2618\" data-id=\"3ae2618\" data-element_type=\"column\" data-e-type=\"column\">\n\t\t\t<div class=\"elementor-widget-wrap elementor-element-populated\">\n\t\t\t\t\t\t<div class=\"elementor-element elementor-element-67b8cafa elementor-widget elementor-widget-industrium_heading\" data-id=\"67b8cafa\" data-element_type=\"widget\" data-e-type=\"widget\" data-widget_type=\"industrium_heading.default\">\n\t\t\t\t<div class=\"elementor-widget-container\">\n\t\t\t\t\t<div class=\"industrium-heading-widget\"><h2 class=\"industrium-heading\"><span class=\"industrium-subheading no-dot\">St\u00fcwe enquiries<\/span><span class=\"industrium-heading-content\">Technical inquiry \u2013 fast &amp; structured<\/span><\/h2><\/div>\t\t\t\t<\/div>\n\t\t\t\t<\/div>\n\t\t\t\t<div class=\"elementor-element elementor-element-708850de elementor-widget elementor-widget-text-editor\" data-id=\"708850de\" data-element_type=\"widget\" data-e-type=\"widget\" data-widget_type=\"text-editor.default\">\n\t\t\t\t<div class=\"elementor-widget-container\">\n\t\t\t\t\t\t\t\t\t<p>To design our clutch and brake systems, we need technical information about your application. With the following enquiry form, you provide us with all the relevant information in a structured form - our basis for your solution. Download the form, fill it out and then send it back to us by e-mail.<\/p>\t\t\t\t\t\t\t\t<\/div>\n\t\t\t\t<\/div>\n\t\t\t\t\t<\/div>\n\t\t<\/div>\n\t\t\t\t\t<\/div>\n\t\t<\/section>\n\t\t<div class=\"elementor-element elementor-element-69dc920 e-flex e-con-boxed e-con e-parent\" data-id=\"69dc920\" data-element_type=\"container\" data-e-type=\"container\">\n\t\t\t\t\t<div class=\"e-con-inner\">\n\t\t<div class=\"elementor-element elementor-element-b86ed1a e-con-full e-flex e-con e-child\" data-id=\"b86ed1a\" data-element_type=\"container\" data-e-type=\"container\">\n\t\t\t\t<div class=\"elementor-element elementor-element-ef56ce1 elementor-widget elementor-widget-shortcode\" data-id=\"ef56ce1\" data-element_type=\"widget\" data-e-type=\"widget\" data-widget_type=\"shortcode.default\">\n\t\t\t\t<div class=\"elementor-widget-container\">\n\t\t\t\t\t\t\t<div class=\"elementor-shortcode\"><div class=\"_df_thumb\" id=\"df_21236\"  _slug=\"anfrageliste\" data-title=\"anfrageliste\" wpoptions=\"true\" thumb=\"https:\/\/stuewe-ag.ch\/wp-content\/uploads\/2026\/01\/Anfrageformular-Stuewe.png\" thumbtype=\"\" >Inquiry list<\/div><script class=\"df-shortcode-script\" nowprocket type=\"application\/javascript\">window.option_df_21236 = {\"outline\":[],\"autoEnableOutline\":\"false\",\"autoEnableThumbnail\":\"false\",\"overwritePDFOutline\":\"false\",\"direction\":\"1\",\"pageSize\":\"0\",\"source\":\"https:\\\/\\\/stuewe-ag.ch\\\/wp-content\\\/uploads\\\/2026\\\/04\\\/Anfrageformular.pdf\",\"wpOptions\":\"true\"}; if(window.DFLIP && window.DFLIP.parseBooks){window.DFLIP.parseBooks();}<\/script><\/div>\n\t\t\t\t\t\t<\/div>\n\t\t\t\t<\/div>\n\t\t\t\t<\/div>\n\t\t<div class=\"elementor-element elementor-element-8b9548c e-con-full e-flex e-con e-child\" data-id=\"8b9548c\" data-element_type=\"container\" data-e-type=\"container\">\n\t\t\t\t<div class=\"elementor-element elementor-element-b3788b9 elementor-align-left elementor-widget elementor-widget-button\" data-id=\"b3788b9\" data-element_type=\"widget\" data-e-type=\"widget\" data-widget_type=\"button.default\">\n\t\t\t\t<div class=\"elementor-widget-container\">\n\t\t\t\t\t\t\t\t\t<div class=\"elementor-button-wrapper\">\n\t\t\t\t\t<a class=\"elementor-button elementor-button-link elementor-size-sm\" href=\"https:\/\/stuewe-ag.ch\/wp-content\/uploads\/2026\/04\/Anfrageformular.pdf\" target=\"_blank\">\n\t\t\t\t\t\t<span class=\"elementor-button-content-wrapper\">\n\t\t\t\t\t\t\t\t\t<span class=\"elementor-button-text\">Download enquiry list<\/span>\n\t\t\t\t\t<\/span>\n\t\t\t\t\t<\/a>\n\t\t\t\t<\/div>\n\t\t\t\t\t\t\t\t<\/div>\n\t\t\t\t<\/div>\n\t\t\t\t<\/div>\n\t\t\t\t\t<\/div>\n\t\t\t\t<\/div>\n\t\t\t\t<\/div>","protected":false},"excerpt":{"rendered":"<p>F\u00fcr die Auslegung unserer Kupplungs\u2011 und Bremssysteme ben\u00f6tigen wir technische Informationen zu Ihrer Anwendung. Mit dem folgenden Anforderungsformular stellen Sie uns alle relevanten Informationen strukturiert zur Verf\u00fcgung \u2013 unsere Grundlage f\u00fcr Ihre L\u00f6sung. Laden Sie das Formular herunter, f\u00fcllen Sie es&#8230;<\/p>","protected":false},"author":8,"featured_media":0,"parent":0,"menu_order":0,"comment_status":"closed","ping_status":"closed","template":"","meta":{"footnotes":""},"class_list":["post-17048","page","type-page","status-publish","hentry"],"yoast_head":"<!-- This site is optimized with the Yoast SEO plugin v27.3 - https:\/\/yoast.com\/product\/yoast-seo-wordpress\/ -->\n<title>Anfrage | St\u00fcwe Schweiz \u2013 Industriebremsen &amp; Kupplungen<\/title>\n<meta name=\"description\" content=\"Stellen Sie Ihre Anfrage zu Industriebremsen oder Kupplungssystemen. Das Team von St\u00fcwe Schweiz unterst\u00fctzt Sie kompetent.\" \/>\n<meta name=\"robots\" content=\"index, follow, max-snippet:-1, max-image-preview:large, max-video-preview:-1\" \/>\n<link rel=\"canonical\" href=\"https:\/\/stuewe-ag.ch\/en\/request\/\" \/>\n<meta property=\"og:locale\" content=\"en_GB\" \/>\n<meta property=\"og:type\" content=\"article\" \/>\n<meta property=\"og:title\" content=\"Anfrage | St\u00fcwe Schweiz \u2013 Industriebremsen &amp; Kupplungen\" \/>\n<meta property=\"og:description\" content=\"Stellen Sie Ihre Anfrage zu Industriebremsen oder Kupplungssystemen. Das Team von St\u00fcwe Schweiz unterst\u00fctzt Sie kompetent.\" \/>\n<meta property=\"og:url\" content=\"https:\/\/stuewe-ag.ch\/en\/request\/\" \/>\n<meta property=\"og:site_name\" content=\"St\u00fcwe - Schweiz\" \/>\n<meta property=\"article:modified_time\" content=\"2026-04-10T14:23:26+00:00\" \/>\n<meta name=\"twitter:card\" content=\"summary_large_image\" \/>\n<meta name=\"twitter:label1\" content=\"Estimated reading time\" \/>\n\t<meta name=\"twitter:data1\" content=\"1 minute\" \/>\n<script type=\"application\/ld+json\" class=\"yoast-schema-graph\">{\"@context\":\"https:\\\/\\\/schema.org\",\"@graph\":[{\"@type\":\"WebPage\",\"@id\":\"https:\\\/\\\/stuewe-ag.ch\\\/anfragen\\\/\",\"url\":\"https:\\\/\\\/stuewe-ag.ch\\\/anfragen\\\/\",\"name\":\"Anfrage | St\u00fcwe Schweiz \u2013 Industriebremsen & Kupplungen\",\"isPartOf\":{\"@id\":\"https:\\\/\\\/stuewe-ag.ch\\\/#website\"},\"datePublished\":\"2024-08-04T23:08:07+00:00\",\"dateModified\":\"2026-04-10T14:23:26+00:00\",\"description\":\"Stellen Sie Ihre Anfrage zu Industriebremsen oder Kupplungssystemen. Das Team von St\u00fcwe Schweiz unterst\u00fctzt Sie kompetent.\",\"breadcrumb\":{\"@id\":\"https:\\\/\\\/stuewe-ag.ch\\\/anfragen\\\/#breadcrumb\"},\"inLanguage\":\"en-GB\",\"potentialAction\":[{\"@type\":\"ReadAction\",\"target\":[\"https:\\\/\\\/stuewe-ag.ch\\\/anfragen\\\/\"]}]},{\"@type\":\"BreadcrumbList\",\"@id\":\"https:\\\/\\\/stuewe-ag.ch\\\/anfragen\\\/#breadcrumb\",\"itemListElement\":[{\"@type\":\"ListItem\",\"position\":1,\"name\":\"Start\",\"item\":\"https:\\\/\\\/stuewe-ag.ch\\\/\"},{\"@type\":\"ListItem\",\"position\":2,\"name\":\"Anfragen\"}]},{\"@type\":\"WebSite\",\"@id\":\"https:\\\/\\\/stuewe-ag.ch\\\/#website\",\"url\":\"https:\\\/\\\/stuewe-ag.ch\\\/\",\"name\":\"St\u00fcwe - Schweiz\",\"description\":\"Maschinenbauteilen f\u00fcr Antriebstechnik\",\"publisher\":{\"@id\":\"https:\\\/\\\/stuewe-ag.ch\\\/#organization\"},\"potentialAction\":[{\"@type\":\"SearchAction\",\"target\":{\"@type\":\"EntryPoint\",\"urlTemplate\":\"https:\\\/\\\/stuewe-ag.ch\\\/?s={search_term_string}\"},\"query-input\":{\"@type\":\"PropertyValueSpecification\",\"valueRequired\":true,\"valueName\":\"search_term_string\"}}],\"inLanguage\":\"en-GB\"},{\"@type\":\"Organization\",\"@id\":\"https:\\\/\\\/stuewe-ag.ch\\\/#organization\",\"name\":\"St\u00fcwe - Schweiz\",\"url\":\"https:\\\/\\\/stuewe-ag.ch\\\/\",\"logo\":{\"@type\":\"ImageObject\",\"inLanguage\":\"en-GB\",\"@id\":\"https:\\\/\\\/stuewe-ag.ch\\\/#\\\/schema\\\/logo\\\/image\\\/\",\"url\":\"https:\\\/\\\/stuewe-ag.ch\\\/wp-content\\\/uploads\\\/2026\\\/01\\\/Stuewe-Logo-weiss-2.png\",\"contentUrl\":\"https:\\\/\\\/stuewe-ag.ch\\\/wp-content\\\/uploads\\\/2026\\\/01\\\/Stuewe-Logo-weiss-2.png\",\"width\":450,\"height\":134,\"caption\":\"St\u00fcwe - Schweiz\"},\"image\":{\"@id\":\"https:\\\/\\\/stuewe-ag.ch\\\/#\\\/schema\\\/logo\\\/image\\\/\"},\"sameAs\":[\"https:\\\/\\\/de.linkedin.com\\\/company\\\/stwe-gmbh-co-kg\"]}]}<\/script>\n<!-- \/ Yoast SEO plugin. -->","yoast_head_json":{"title":"Enquiry | St\u00fcwe Switzerland - Industrial brakes &amp; clutches","description":"Send us your enquiry about industrial brakes or clutch systems. The St\u00fcwe Switzerland team will provide you with expert support.","robots":{"index":"index","follow":"follow","max-snippet":"max-snippet:-1","max-image-preview":"max-image-preview:large","max-video-preview":"max-video-preview:-1"},"canonical":"https:\/\/stuewe-ag.ch\/en\/request\/","og_locale":"en_GB","og_type":"article","og_title":"Anfrage | St\u00fcwe Schweiz \u2013 Industriebremsen & Kupplungen","og_description":"Stellen Sie Ihre Anfrage zu Industriebremsen oder Kupplungssystemen. Das Team von St\u00fcwe Schweiz unterst\u00fctzt Sie kompetent.","og_url":"https:\/\/stuewe-ag.ch\/en\/request\/","og_site_name":"St\u00fcwe - Schweiz","article_modified_time":"2026-04-10T14:23:26+00:00","twitter_card":"summary_large_image","twitter_misc":{"Estimated reading time":"1 minute"},"schema":{"@context":"https:\/\/schema.org","@graph":[{"@type":"WebPage","@id":"https:\/\/stuewe-ag.ch\/anfragen\/","url":"https:\/\/stuewe-ag.ch\/anfragen\/","name":"Enquiry | St\u00fcwe Switzerland - Industrial brakes &amp; clutches","isPartOf":{"@id":"https:\/\/stuewe-ag.ch\/#website"},"datePublished":"2024-08-04T23:08:07+00:00","dateModified":"2026-04-10T14:23:26+00:00","description":"Send us your enquiry about industrial brakes or clutch systems. The St\u00fcwe Switzerland team will provide you with expert support.","breadcrumb":{"@id":"https:\/\/stuewe-ag.ch\/anfragen\/#breadcrumb"},"inLanguage":"en-GB","potentialAction":[{"@type":"ReadAction","target":["https:\/\/stuewe-ag.ch\/anfragen\/"]}]},{"@type":"BreadcrumbList","@id":"https:\/\/stuewe-ag.ch\/anfragen\/#breadcrumb","itemListElement":[{"@type":"ListItem","position":1,"name":"Start","item":"https:\/\/stuewe-ag.ch\/"},{"@type":"ListItem","position":2,"name":"Anfragen"}]},{"@type":"WebSite","@id":"https:\/\/stuewe-ag.ch\/#website","url":"https:\/\/stuewe-ag.ch\/","name":"St\u00fcwe - Switzerland","description":"Machine components for drive technology","publisher":{"@id":"https:\/\/stuewe-ag.ch\/#organization"},"potentialAction":[{"@type":"SearchAction","target":{"@type":"EntryPoint","urlTemplate":"https:\/\/stuewe-ag.ch\/?s={search_term_string}"},"query-input":{"@type":"PropertyValueSpecification","valueRequired":true,"valueName":"search_term_string"}}],"inLanguage":"en-GB"},{"@type":"Organization","@id":"https:\/\/stuewe-ag.ch\/#organization","name":"St\u00fcwe - Switzerland","url":"https:\/\/stuewe-ag.ch\/","logo":{"@type":"ImageObject","inLanguage":"en-GB","@id":"https:\/\/stuewe-ag.ch\/#\/schema\/logo\/image\/","url":"https:\/\/stuewe-ag.ch\/wp-content\/uploads\/2026\/01\/Stuewe-Logo-weiss-2.png","contentUrl":"https:\/\/stuewe-ag.ch\/wp-content\/uploads\/2026\/01\/Stuewe-Logo-weiss-2.png","width":450,"height":134,"caption":"St\u00fcwe - Schweiz"},"image":{"@id":"https:\/\/stuewe-ag.ch\/#\/schema\/logo\/image\/"},"sameAs":["https:\/\/de.linkedin.com\/company\/stwe-gmbh-co-kg"]}]}},"_links":{"self":[{"href":"https:\/\/stuewe-ag.ch\/en\/wp-json\/wp\/v2\/pages\/17048","targetHints":{"allow":["GET"]}}],"collection":[{"href":"https:\/\/stuewe-ag.ch\/en\/wp-json\/wp\/v2\/pages"}],"about":[{"href":"https:\/\/stuewe-ag.ch\/en\/wp-json\/wp\/v2\/types\/page"}],"author":[{"embeddable":true,"href":"https:\/\/stuewe-ag.ch\/en\/wp-json\/wp\/v2\/users\/8"}],"replies":[{"embeddable":true,"href":"https:\/\/stuewe-ag.ch\/en\/wp-json\/wp\/v2\/comments?post=17048"}],"version-history":[{"count":122,"href":"https:\/\/stuewe-ag.ch\/en\/wp-json\/wp\/v2\/pages\/17048\/revisions"}],"predecessor-version":[{"id":22565,"href":"https:\/\/stuewe-ag.ch\/en\/wp-json\/wp\/v2\/pages\/17048\/revisions\/22565"}],"wp:attachment":[{"href":"https:\/\/stuewe-ag.ch\/en\/wp-json\/wp\/v2\/media?parent=17048"}],"curies":[{"name":"wp","href":"https:\/\/api.w.org\/{rel}","templated":true}]}}